{"id":1293,"date":"2022-09-07T18:53:33","date_gmt":"2022-09-07T18:53:33","guid":{"rendered":"https:\/\/mister.loans\/es\/?page_id=1293"},"modified":"2024-08-17T01:45:57","modified_gmt":"2024-08-17T01:45:57","slug":"quienes-somos","status":"publish","type":"page","link":"https:\/\/mister.loans\/es\/quienes-somos\/","title":{"rendered":"Qui\u00e9nes Somos"},"content":{"rendered":"\t\t<div data-elementor-type=\"wp-page\" data-elementor-id=\"1293\" class=\"elementor elementor-1293\" data-elementor-post-type=\"page\">\n\t\t\t\t<div class=\"elementor-element elementor-element-5d9eb02 e-flex e-con-boxed e-con e-parent\" data-id=\"5d9eb02\" data-element_type=\"container\" data-e-type=\"container\" data-settings=\"{&quot;shape_divider_top&quot;:&quot;mountains&quot;}\">\n\t\t\t\t\t<div class=\"e-con-inner\">\n\t\t\t\t<div class=\"elementor-shape elementor-shape-top\" aria-hidden=\"true\" data-negative=\"false\">\n\t\t\t<svg xmlns=\"http:\/\/www.w3.org\/2000\/svg\" viewBox=\"0 0 1000 100\" preserveAspectRatio=\"none\">\n\t<path class=\"elementor-shape-fill\" opacity=\"0.33\" d=\"M473,67.3c-203.9,88.3-263.1-34-320.3,0C66,119.1,0,59.7,0,59.7V0h1000v59.7 c0,0-62.1,26.1-94.9,29.3c-32.8,3.3-62.8-12.3-75.8-22.1C806,49.6,745.3,8.7,694.9,4.7S492.4,59,473,67.3z\"\/>\n\t<path class=\"elementor-shape-fill\" opacity=\"0.66\" d=\"M734,67.3c-45.5,0-77.2-23.2-129.1-39.1c-28.6-8.7-150.3-10.1-254,39.1 s-91.7-34.4-149.2,0C115.7,118.3,0,39.8,0,39.8V0h1000v36.5c0,0-28.2-18.5-92.1-18.5C810.2,18.1,775.7,67.3,734,67.3z\"\/>\n\t<path class=\"elementor-shape-fill\" d=\"M766.1,28.9c-200-57.5-266,65.5-395.1,19.5C242,1.8,242,5.4,184.8,20.6C128,35.8,132.3,44.9,89.9,52.5C28.6,63.7,0,0,0,0 h1000c0,0-9.9,40.9-83.6,48.1S829.6,47,766.1,28.9z\"\/>\n<\/svg>\t\t<\/div>\n\t\t\t\t<div class=\"elementor-element elementor-element-cd1873a elementor-widget elementor-widget-text-editor\" data-id=\"cd1873a\" data-element_type=\"widget\" data-e-type=\"widget\" data-widget_type=\"text-editor.default\">\n\t\t\t\t<div class=\"elementor-widget-container\">\n\t\t\t\t\t\t\t\t\t<p><a href=\"https:\/\/mister.loans\/es\/\">Inicio<\/a> \u00bb Qui\u00e9nes Somos<\/p>\t\t\t\t\t\t\t\t<\/div>\n\t\t\t\t<\/div>\n\t\t\t\t<div class=\"elementor-element elementor-element-e8643af elementor-widget elementor-widget-heading\" data-id=\"e8643af\" data-element_type=\"widget\" data-e-type=\"widget\" data-widget_type=\"heading.default\">\n\t\t\t\t<div class=\"elementor-widget-container\">\n\t\t\t\t\t<h1 class=\"elementor-heading-title elementor-size-default\">Qui\u00e9nes Somos<\/h1>\t\t\t\t<\/div>\n\t\t\t\t<\/div>\n\t\t\t\t\t<\/div>\n\t\t\t\t<\/div>\n\t\t<div class=\"elementor-element elementor-element-37fe100 e-flex e-con-boxed e-con e-parent\" data-id=\"37fe100\" data-element_type=\"container\" data-e-type=\"container\">\n\t\t\t\t\t<div class=\"e-con-inner\">\n\t\t\t\t<div class=\"elementor-element elementor-element-13fb71b elementor-widget elementor-widget-text-editor\" data-id=\"13fb71b\" data-element_type=\"widget\" data-e-type=\"widget\" data-widget_type=\"text-editor.default\">\n\t\t\t\t<div class=\"elementor-widget-container\">\n\t\t\t\t\t\t\t\t\t<p>En Fifth Financial LLC, operando bajo la marca comercial Mister Loans, somos expertos en la originaci\u00f3n de pr\u00e9stamos hipotecarios tanto para compradores e inversores locales en Florida, Colorado y Texas, como para clientes. Fundada en el a\u00f1o 2018 y liderada por Di\u00f3genes Duzoglou, quien es hoy el, ofrecemos una amplia gama de productos hipotecarios que incluyen pr\u00e9stamos convencionales, FHA, VA, y Non-QM, adem\u00e1s de servicios especializados para extranjeros, pr\u00e9stamos privados, para construcci\u00f3n y propiedades comerciales.<\/p><h4><b data-stringify-type=\"bold\">Nuestra Misi\u00f3n:<\/b><\/h4><p>Nuestra misi\u00f3n es ofrecer soluciones de financiamiento hipotecario que se ajusten a las necesidades de nuestros clientes, brindando las opciones de pr\u00e9stamo m\u00e1s beneficioso y adecuado. Estamos comprometidos a servir a nuestros clientes con claridad, integridad y una firme posici\u00f3n que siempre pone sus intereses en primer lugar.<\/p><h4><b data-stringify-type=\"bold\">Nuestra Visi\u00f3n:<\/b><\/h4><p>Aspiramos a ser el socio de confianza en el mercado hipotecario de los Estados Unidos, reconocidos por nuestro enfoque humano y \u00e9tico en cada transacci\u00f3n. Nos esforzamos por mantener relaciones duraderas con nuestros clientes, basadas en la confianza y la excelencia en el servicio. Continuaremos expandiendo nuestro alcance y mejorando nuestras ofertas para cumplir y superar las expectativas de nuestros clientes en un mercado en constante evoluci\u00f3n.<\/p>\t\t\t\t\t\t\t\t<\/div>\n\t\t\t\t<\/div>\n\t\t\t\t\t<\/div>\n\t\t\t\t<\/div>\n\t\t<div class=\"elementor-element elementor-element-0bea1d6 e-flex e-con-boxed e-con e-parent\" data-id=\"0bea1d6\" data-element_type=\"container\" data-e-type=\"container\">\n\t\t\t\t\t<div class=\"e-con-inner\">\n\t\t\t\t<div class=\"elementor-element elementor-element-b83fe1c elementor-widget-divider--view-line elementor-widget elementor-widget-divider\" data-id=\"b83fe1c\" data-element_type=\"widget\" data-e-type=\"widget\" data-widget_type=\"divider.default\">\n\t\t\t\t<div class=\"elementor-widget-container\">\n\t\t\t\t\t\t\t<div class=\"elementor-divider\">\n\t\t\t<span class=\"elementor-divider-separator\">\n\t\t\t\t\t\t<\/span>\n\t\t<\/div>\n\t\t\t\t\t\t<\/div>\n\t\t\t\t<\/div>\n\t\t\t\t\t<\/div>\n\t\t\t\t<\/div>\n\t\t\t\t<\/div>\n\t\t","protected":false},"excerpt":{"rendered":"<p>Inicio \u00bb Qui\u00e9nes Somos Qui\u00e9nes Somos En Fifth Financial LLC, operando bajo la marca comercial Mister Loans, somos expertos en la originaci\u00f3n de pr\u00e9stamos hipotecarios tanto para compradores e inversores locales en Florida, Colorado y Texas, como para clientes. Fundada en el a\u00f1o 2018 y liderada por Di\u00f3genes Duzoglou, quien es hoy el, ofrecemos una [&hellip;]<\/p>\n","protected":false},"author":3,"featured_media":0,"parent":0,"menu_order":0,"comment_status":"closed","ping_status":"closed","template":"elementor_header_footer","meta":{"footnotes":""},"class_list":["post-1293","page","type-page","status-publish","hentry"],"blocksy_meta":{"styles_descriptor":{"styles":{"desktop":"","tablet":"","mobile":""},"google_fonts":[],"version":6}},"yoast_head":"<!-- This site is optimized with the Yoast SEO plugin v27.2 - https:\/\/yoast.com\/product\/yoast-seo-wordpress\/ -->\n<title>Qui\u00e9nes Somos - Mister Loans<\/title>\n<meta name=\"robots\" content=\"index, follow, max-snippet:-1, max-image-preview:large, max-video-preview:-1\" \/>\n<link rel=\"canonical\" href=\"https:\/\/mister.loans\/es\/quienes-somos\/\" \/>\n<meta property=\"og:locale\" content=\"es_ES\" \/>\n<meta property=\"og:type\" content=\"article\" \/>\n<meta property=\"og:title\" content=\"Qui\u00e9nes Somos - Mister Loans\" \/>\n<meta property=\"og:description\" content=\"Inicio \u00bb Qui\u00e9nes Somos Qui\u00e9nes Somos En Fifth Financial LLC, operando bajo la marca comercial Mister Loans, somos expertos en la originaci\u00f3n de pr\u00e9stamos hipotecarios tanto para compradores e inversores locales en Florida, Colorado y Texas, como para clientes. Fundada en el a\u00f1o 2018 y liderada por Di\u00f3genes Duzoglou, quien es hoy el, ofrecemos una [&hellip;]\" \/>\n<meta property=\"og:url\" content=\"https:\/\/mister.loans\/es\/quienes-somos\/\" \/>\n<meta property=\"og:site_name\" content=\"Mister Loans\" \/>\n<meta property=\"article:modified_time\" content=\"2024-08-17T01:45:57+00:00\" \/>\n<meta name=\"twitter:card\" content=\"summary_large_image\" \/>\n<meta name=\"twitter:label1\" content=\"Tiempo de lectura\" \/>\n\t<meta name=\"twitter:data1\" content=\"1 minuto\" \/>\n<script type=\"application\/ld+json\" class=\"yoast-schema-graph\">{\"@context\":\"https:\/\/schema.org\",\"@graph\":[{\"@type\":\"WebPage\",\"@id\":\"https:\/\/mister.loans\/es\/quienes-somos\/\",\"url\":\"https:\/\/mister.loans\/es\/quienes-somos\/\",\"name\":\"Qui\u00e9nes Somos - Mister Loans\",\"isPartOf\":{\"@id\":\"https:\/\/mister.loans\/es\/#website\"},\"datePublished\":\"2022-09-07T18:53:33+00:00\",\"dateModified\":\"2024-08-17T01:45:57+00:00\",\"breadcrumb\":{\"@id\":\"https:\/\/mister.loans\/es\/quienes-somos\/#breadcrumb\"},\"inLanguage\":\"es\",\"potentialAction\":[{\"@type\":\"ReadAction\",\"target\":[\"https:\/\/mister.loans\/es\/quienes-somos\/\"]}]},{\"@type\":\"BreadcrumbList\",\"@id\":\"https:\/\/mister.loans\/es\/quienes-somos\/#breadcrumb\",\"itemListElement\":[{\"@type\":\"ListItem\",\"position\":1,\"name\":\"Portada\",\"item\":\"https:\/\/mister.loans\/es\/\"},{\"@type\":\"ListItem\",\"position\":2,\"name\":\"Qui\u00e9nes Somos\"}]},{\"@type\":\"WebSite\",\"@id\":\"https:\/\/mister.loans\/es\/#website\",\"url\":\"https:\/\/mister.loans\/es\/\",\"name\":\"Mister Loans\",\"description\":\"\",\"publisher\":{\"@id\":\"https:\/\/mister.loans\/es\/#organization\"},\"potentialAction\":[{\"@type\":\"SearchAction\",\"target\":{\"@type\":\"EntryPoint\",\"urlTemplate\":\"https:\/\/mister.loans\/es\/?s={search_term_string}\"},\"query-input\":{\"@type\":\"PropertyValueSpecification\",\"valueRequired\":true,\"valueName\":\"search_term_string\"}}],\"inLanguage\":\"es\"},{\"@type\":\"Organization\",\"@id\":\"https:\/\/mister.loans\/es\/#organization\",\"name\":\"Mister Loans\",\"url\":\"https:\/\/mister.loans\/es\/\",\"logo\":{\"@type\":\"ImageObject\",\"inLanguage\":\"es\",\"@id\":\"https:\/\/mister.loans\/es\/#\/schema\/logo\/image\/\",\"url\":\"https:\/\/mister.loans\/es\/wp-content\/uploads\/2025\/12\/cropped-cropped-logo-1-e1659384125165.png\",\"contentUrl\":\"https:\/\/mister.loans\/es\/wp-content\/uploads\/2025\/12\/cropped-cropped-logo-1-e1659384125165.png\",\"width\":512,\"height\":512,\"caption\":\"Mister Loans\"},\"image\":{\"@id\":\"https:\/\/mister.loans\/es\/#\/schema\/logo\/image\/\"}}]}<\/script>\n<!-- \/ Yoast SEO plugin. -->","yoast_head_json":{"title":"Qui\u00e9nes Somos - Mister Loans","robots":{"index":"index","follow":"follow","max-snippet":"max-snippet:-1","max-image-preview":"max-image-preview:large","max-video-preview":"max-video-preview:-1"},"canonical":"https:\/\/mister.loans\/es\/quienes-somos\/","og_locale":"es_ES","og_type":"article","og_title":"Qui\u00e9nes Somos - Mister Loans","og_description":"Inicio \u00bb Qui\u00e9nes Somos Qui\u00e9nes Somos En Fifth Financial LLC, operando bajo la marca comercial Mister Loans, somos expertos en la originaci\u00f3n de pr\u00e9stamos hipotecarios tanto para compradores e inversores locales en Florida, Colorado y Texas, como para clientes. Fundada en el a\u00f1o 2018 y liderada por Di\u00f3genes Duzoglou, quien es hoy el, ofrecemos una [&hellip;]","og_url":"https:\/\/mister.loans\/es\/quienes-somos\/","og_site_name":"Mister Loans","article_modified_time":"2024-08-17T01:45:57+00:00","twitter_card":"summary_large_image","twitter_misc":{"Tiempo de lectura":"1 minuto"},"schema":{"@context":"https:\/\/schema.org","@graph":[{"@type":"WebPage","@id":"https:\/\/mister.loans\/es\/quienes-somos\/","url":"https:\/\/mister.loans\/es\/quienes-somos\/","name":"Qui\u00e9nes Somos - Mister Loans","isPartOf":{"@id":"https:\/\/mister.loans\/es\/#website"},"datePublished":"2022-09-07T18:53:33+00:00","dateModified":"2024-08-17T01:45:57+00:00","breadcrumb":{"@id":"https:\/\/mister.loans\/es\/quienes-somos\/#breadcrumb"},"inLanguage":"es","potentialAction":[{"@type":"ReadAction","target":["https:\/\/mister.loans\/es\/quienes-somos\/"]}]},{"@type":"BreadcrumbList","@id":"https:\/\/mister.loans\/es\/quienes-somos\/#breadcrumb","itemListElement":[{"@type":"ListItem","position":1,"name":"Portada","item":"https:\/\/mister.loans\/es\/"},{"@type":"ListItem","position":2,"name":"Qui\u00e9nes Somos"}]},{"@type":"WebSite","@id":"https:\/\/mister.loans\/es\/#website","url":"https:\/\/mister.loans\/es\/","name":"Mister Loans","description":"","publisher":{"@id":"https:\/\/mister.loans\/es\/#organization"},"potentialAction":[{"@type":"SearchAction","target":{"@type":"EntryPoint","urlTemplate":"https:\/\/mister.loans\/es\/?s={search_term_string}"},"query-input":{"@type":"PropertyValueSpecification","valueRequired":true,"valueName":"search_term_string"}}],"inLanguage":"es"},{"@type":"Organization","@id":"https:\/\/mister.loans\/es\/#organization","name":"Mister Loans","url":"https:\/\/mister.loans\/es\/","logo":{"@type":"ImageObject","inLanguage":"es","@id":"https:\/\/mister.loans\/es\/#\/schema\/logo\/image\/","url":"https:\/\/mister.loans\/es\/wp-content\/uploads\/2025\/12\/cropped-cropped-logo-1-e1659384125165.png","contentUrl":"https:\/\/mister.loans\/es\/wp-content\/uploads\/2025\/12\/cropped-cropped-logo-1-e1659384125165.png","width":512,"height":512,"caption":"Mister Loans"},"image":{"@id":"https:\/\/mister.loans\/es\/#\/schema\/logo\/image\/"}}]}},"_links":{"self":[{"href":"https:\/\/mister.loans\/es\/wp-json\/wp\/v2\/pages\/1293","targetHints":{"allow":["GET"]}}],"collection":[{"href":"https:\/\/mister.loans\/es\/wp-json\/wp\/v2\/pages"}],"about":[{"href":"https:\/\/mister.loans\/es\/wp-json\/wp\/v2\/types\/page"}],"author":[{"embeddable":true,"href":"https:\/\/mister.loans\/es\/wp-json\/wp\/v2\/users\/3"}],"replies":[{"embeddable":true,"href":"https:\/\/mister.loans\/es\/wp-json\/wp\/v2\/comments?post=1293"}],"version-history":[{"count":44,"href":"https:\/\/mister.loans\/es\/wp-json\/wp\/v2\/pages\/1293\/revisions"}],"predecessor-version":[{"id":2545,"href":"https:\/\/mister.loans\/es\/wp-json\/wp\/v2\/pages\/1293\/revisions\/2545"}],"wp:attachment":[{"href":"https:\/\/mister.loans\/es\/wp-json\/wp\/v2\/media?parent=1293"}],"curies":[{"name":"wp","href":"https:\/\/api.w.org\/{rel}","templated":true}]}}