{"id":13,"date":"2022-08-01T20:26:50","date_gmt":"2022-08-01T20:26:50","guid":{"rendered":"https:\/\/mrloans.us\/?page_id=13"},"modified":"2025-11-27T17:46:09","modified_gmt":"2025-11-27T17:46:09","slug":"inicio","status":"publish","type":"page","link":"https:\/\/mister.loans\/es\/","title":{"rendered":"Inicio"},"content":{"rendered":"\t\t<div data-elementor-type=\"wp-page\" data-elementor-id=\"13\" class=\"elementor elementor-13\" data-elementor-post-type=\"page\">\n\t\t\t\t\t\t<section class=\"elementor-section elementor-top-section elementor-element elementor-element-c122707 ct-section-stretched elementor-section-full_width elementor-section-height-default elementor-section-height-default\" data-id=\"c122707\" data-element_type=\"section\" data-e-type=\"section\">\n\t\t\t\t\t\t<div class=\"elementor-container elementor-column-gap-default\">\n\t\t\t\t\t<div class=\"elementor-column elementor-col-100 elementor-top-column elementor-element elementor-element-4ea6841\" data-id=\"4ea6841\" data-element_type=\"column\" data-e-type=\"column\">\n\t\t\t<div class=\"elementor-widget-wrap elementor-element-populated\">\n\t\t\t\t\t\t<section class=\"elementor-section elementor-inner-section elementor-element elementor-element-dd35aec elementor-section-boxed elementor-section-height-default elementor-section-height-default\" data-id=\"dd35aec\" data-element_type=\"section\" data-e-type=\"section\">\n\t\t\t\t\t\t<div class=\"elementor-container elementor-column-gap-default\">\n\t\t\t\t\t<div class=\"elementor-column elementor-col-50 elementor-inner-column elementor-element elementor-element-8499895\" data-id=\"8499895\" data-element_type=\"column\" data-e-type=\"column\">\n\t\t\t<div class=\"elementor-widget-wrap elementor-element-populated\">\n\t\t\t\t\t\t<div class=\"elementor-element elementor-element-5726661 elementor-invisible elementor-widget elementor-widget-heading\" data-id=\"5726661\" data-element_type=\"widget\" data-e-type=\"widget\" data-settings=\"{&quot;_animation&quot;:&quot;zoomIn&quot;}\" data-widget_type=\"heading.default\">\n\t\t\t\t<div class=\"elementor-widget-container\">\n\t\t\t\t\t<h2 class=\"elementor-heading-title elementor-size-default\">HAZ TU<br><span style=\"font-size: 69%;font-weight: 700;line-height: 65px\">HIPOTECA<\/span><br><span style=\"font-size: 61%;text-align: center\">M\u00c1S SIMPLE<\/span><\/h2>\t\t\t\t<\/div>\n\t\t\t\t<\/div>\n\t\t\t\t<div class=\"elementor-element elementor-element-24d67be elementor-align-center elementor-invisible elementor-widget elementor-widget-button\" data-id=\"24d67be\" data-element_type=\"widget\" data-e-type=\"widget\" data-settings=\"{&quot;_animation&quot;:&quot;fadeInDown&quot;}\" data-widget_type=\"button.default\">\n\t\t\t\t<div class=\"elementor-widget-container\">\n\t\t\t\t\t\t\t\t\t<div class=\"elementor-button-wrapper\">\n\t\t\t\t\t<a class=\"elementor-button elementor-button-link elementor-size-md\" href=\"https:\/\/fifthfinancial.floify.com\/?lang=es\" target=\"_blank\">\n\t\t\t\t\t\t<span class=\"elementor-button-content-wrapper\">\n\t\t\t\t\t\t\t\t\t<span class=\"elementor-button-text\">\u00a1Comencemos Ahora!<\/span>\n\t\t\t\t\t<\/span>\n\t\t\t\t\t<\/a>\n\t\t\t\t<\/div>\n\t\t\t\t\t\t\t\t<\/div>\n\t\t\t\t<\/div>\n\t\t\t\t\t<\/div>\n\t\t<\/div>\n\t\t\t\t<div class=\"elementor-column elementor-col-50 elementor-inner-column elementor-element elementor-element-994f7bd\" data-id=\"994f7bd\" data-element_type=\"column\" data-e-type=\"column\">\n\t\t\t<div class=\"elementor-widget-wrap elementor-element-populated\">\n\t\t\t\t\t\t<div class=\"elementor-element elementor-element-1f86274 e-transform elementor-widget elementor-widget-image-carousel\" data-id=\"1f86274\" data-element_type=\"widget\" data-e-type=\"widget\" data-settings=\"{&quot;slides_to_show&quot;:&quot;1&quot;,&quot;navigation&quot;:&quot;none&quot;,&quot;pause_on_hover&quot;:&quot;no&quot;,&quot;effect&quot;:&quot;fade&quot;,&quot;_transform_scale_effect&quot;:{&quot;unit&quot;:&quot;px&quot;,&quot;size&quot;:0.939999999999999946709294817992486059665679931640625,&quot;sizes&quot;:[]},&quot;speed&quot;:1500,&quot;autoplay&quot;:&quot;yes&quot;,&quot;pause_on_interaction&quot;:&quot;yes&quot;,&quot;autoplay_speed&quot;:5000,&quot;infinite&quot;:&quot;yes&quot;,&quot;_transform_scale_effect_tablet&quot;:{&quot;unit&quot;:&quot;px&quot;,&quot;size&quot;:&quot;&quot;,&quot;sizes&quot;:[]},&quot;_transform_scale_effect_mobile&quot;:{&quot;unit&quot;:&quot;px&quot;,&quot;size&quot;:&quot;&quot;,&quot;sizes&quot;:[]}}\" data-widget_type=\"image-carousel.default\">\n\t\t\t\t<div class=\"elementor-widget-container\">\n\t\t\t\t\t\t\t<div class=\"elementor-image-carousel-wrapper swiper\" role=\"region\" aria-roledescription=\"carousel\" aria-label=\"Carrusel de im\u00e1genes\" dir=\"ltr\">\n\t\t\t<div class=\"elementor-image-carousel swiper-wrapper\" aria-live=\"off\">\n\t\t\t\t\t\t\t\t<div class=\"swiper-slide\" role=\"group\" aria-roledescription=\"slide\" aria-label=\"1 de 4\"><figure class=\"swiper-slide-inner\"><img decoding=\"async\" class=\"swiper-slide-image\" src=\"https:\/\/mister.loans\/es\/wp-content\/uploads\/2022\/08\/AdobeStock_179074209.webp\" alt=\"AdobeStock_179074209\" \/><\/figure><\/div><div class=\"swiper-slide\" role=\"group\" aria-roledescription=\"slide\" aria-label=\"2 de 4\"><figure class=\"swiper-slide-inner\"><img decoding=\"async\" class=\"swiper-slide-image\" src=\"https:\/\/mister.loans\/es\/wp-content\/uploads\/2022\/08\/AdobeStock_245925188-1.webp\" alt=\"AdobeStock_245925188\" \/><\/figure><\/div><div class=\"swiper-slide\" role=\"group\" aria-roledescription=\"slide\" aria-label=\"3 de 4\"><figure class=\"swiper-slide-inner\"><img decoding=\"async\" class=\"swiper-slide-image\" src=\"https:\/\/mister.loans\/es\/wp-content\/uploads\/2022\/08\/AdobeStock_162821682.webp\" alt=\"AdobeStock_162821682\" \/><\/figure><\/div><div class=\"swiper-slide\" role=\"group\" aria-roledescription=\"slide\" aria-label=\"4 de 4\"><figure class=\"swiper-slide-inner\"><img decoding=\"async\" class=\"swiper-slide-image\" src=\"https:\/\/mister.loans\/es\/wp-content\/uploads\/2022\/08\/AdobeStock_125159417.webp\" alt=\"AdobeStock_125159417\" \/><\/figure><\/div>\t\t\t<\/div>\n\t\t\t\t\t\t\t\n\t\t\t\t\t\t\t\t\t<\/div>\n\t\t\t\t\t\t<\/div>\n\t\t\t\t<\/div>\n\t\t\t\t\t<\/div>\n\t\t<\/div>\n\t\t\t\t\t<\/div>\n\t\t<\/section>\n\t\t\t\t\t<\/div>\n\t\t<\/div>\n\t\t\t\t\t<\/div>\n\t\t<\/section>\n\t\t<div class=\"elementor-element elementor-element-fed6fd0 e-flex e-con-boxed e-con e-parent\" data-id=\"fed6fd0\" data-element_type=\"container\" data-e-type=\"container\" id=\"aboutus\" data-settings=\"{&quot;background_background&quot;:&quot;classic&quot;}\">\n\t\t\t\t\t<div class=\"e-con-inner\">\n\t\t\t\t<div class=\"elementor-element elementor-element-19805b9 elementor-widget elementor-widget-heading\" data-id=\"19805b9\" data-element_type=\"widget\" data-e-type=\"widget\" data-widget_type=\"heading.default\">\n\t\t\t\t<div class=\"elementor-widget-container\">\n\t\t\t\t\t<h2 class=\"elementor-heading-title elementor-size-default\"><strong>Sobre<\/strong> Nosotros<\/h2>\t\t\t\t<\/div>\n\t\t\t\t<\/div>\n\t\t\t\t<div class=\"elementor-element elementor-element-73e4f1e elementor-widget elementor-widget-text-editor\" data-id=\"73e4f1e\" data-element_type=\"widget\" data-e-type=\"widget\" data-widget_type=\"text-editor.default\">\n\t\t\t\t<div class=\"elementor-widget-container\">\n\t\t\t\t\t\t\t\t\t<p>Nuestro equipo, compuesto por especialistas financieros, tecnol\u00f3gicos y de bienes ra\u00edces, ofrece casi una d\u00e9cada de probada experiencia financiera y de corretaje; junto con una \u00e9tica s\u00f3lida y un deseo genuino de ayudar a otros a tener \u00e9xito, valoramos a nuestros clientes y su proceso de compra de viviendas. Nuestra Propuesta de Valor est\u00e1 en encontrar los mejores pr\u00e9stamos posibles para nuestros clientes, como si fueran para nosotros mismos.<\/p>\t\t\t\t\t\t\t\t<\/div>\n\t\t\t\t<\/div>\n\t\t\t\t<div class=\"elementor-element elementor-element-342da5d elementor-widget elementor-widget-video\" data-id=\"342da5d\" data-element_type=\"widget\" data-e-type=\"widget\" data-settings=\"{&quot;youtube_url&quot;:&quot;https:\\\/\\\/youtu.be\\\/lS3_cM-TWNU&quot;,&quot;video_type&quot;:&quot;youtube&quot;,&quot;controls&quot;:&quot;yes&quot;}\" data-widget_type=\"video.default\">\n\t\t\t\t<div class=\"elementor-widget-container\">\n\t\t\t\t\t\t\t<div class=\"elementor-wrapper elementor-open-inline\">\n\t\t\t<div class=\"elementor-video\"><\/div>\t\t<\/div>\n\t\t\t\t\t\t<\/div>\n\t\t\t\t<\/div>\n\t\t\t\t\t<\/div>\n\t\t\t\t<\/div>\n\t\t\t\t<section class=\"elementor-section elementor-top-section elementor-element elementor-element-a44ca2f elementor-section-boxed elementor-section-height-default elementor-section-height-default\" data-id=\"a44ca2f\" data-element_type=\"section\" data-e-type=\"section\">\n\t\t\t\t\t\t<div class=\"elementor-container elementor-column-gap-default\">\n\t\t\t\t\t<div class=\"elementor-column elementor-col-100 elementor-top-column elementor-element elementor-element-e480afc\" data-id=\"e480afc\" data-element_type=\"column\" data-e-type=\"column\">\n\t\t\t<div class=\"elementor-widget-wrap elementor-element-populated\">\n\t\t\t\t\t\t<div class=\"elementor-element elementor-element-e18907f elementor-widget elementor-widget-heading\" data-id=\"e18907f\" data-element_type=\"widget\" data-e-type=\"widget\" data-widget_type=\"heading.default\">\n\t\t\t\t<div class=\"elementor-widget-container\">\n\t\t\t\t\t<h3 class=\"elementor-heading-title elementor-size-default\"><strong>Servicios<\/strong><\/h3>\t\t\t\t<\/div>\n\t\t\t\t<\/div>\n\t\t\t\t<section class=\"elementor-section elementor-inner-section elementor-element elementor-element-e19ef58 elementor-section-boxed elementor-section-height-default elementor-section-height-default elementor-invisible\" data-id=\"e19ef58\" data-element_type=\"section\" data-e-type=\"section\" data-settings=\"{&quot;animation&quot;:&quot;fadeInUp&quot;}\">\n\t\t\t\t\t\t<div class=\"elementor-container elementor-column-gap-default\">\n\t\t\t\t\t<div class=\"elementor-column elementor-col-25 elementor-inner-column elementor-element elementor-element-50e4847\" data-id=\"50e4847\" data-element_type=\"column\" data-e-type=\"column\">\n\t\t\t<div class=\"elementor-widget-wrap elementor-element-populated\">\n\t\t\t\t\t\t<div class=\"elementor-element elementor-element-11b59e2 elementor-align-center elementor-widget elementor-widget-button\" data-id=\"11b59e2\" data-element_type=\"widget\" data-e-type=\"widget\" data-widget_type=\"button.default\">\n\t\t\t\t<div class=\"elementor-widget-container\">\n\t\t\t\t\t\t\t\t\t<div class=\"elementor-button-wrapper\">\n\t\t\t\t\t<a class=\"elementor-button elementor-button-link elementor-size-sm elementor-animation-float\" href=\"https:\/\/mister.loans\/es\/comprar\/\" id=\"boton-1\">\n\t\t\t\t\t\t<span class=\"elementor-button-content-wrapper\">\n\t\t\t\t\t\t\t\t\t<span class=\"elementor-button-text\">Comprar<\/span>\n\t\t\t\t\t<\/span>\n\t\t\t\t\t<\/a>\n\t\t\t\t<\/div>\n\t\t\t\t\t\t\t\t<\/div>\n\t\t\t\t<\/div>\n\t\t\t\t\t<\/div>\n\t\t<\/div>\n\t\t\t\t<div class=\"elementor-column elementor-col-25 elementor-inner-column elementor-element elementor-element-fbf9218\" data-id=\"fbf9218\" data-element_type=\"column\" data-e-type=\"column\">\n\t\t\t<div class=\"elementor-widget-wrap elementor-element-populated\">\n\t\t\t\t\t\t<div class=\"elementor-element elementor-element-fad5303 elementor-align-center elementor-widget elementor-widget-button\" data-id=\"fad5303\" data-element_type=\"widget\" data-e-type=\"widget\" data-widget_type=\"button.default\">\n\t\t\t\t<div class=\"elementor-widget-container\">\n\t\t\t\t\t\t\t\t\t<div class=\"elementor-button-wrapper\">\n\t\t\t\t\t<a class=\"elementor-button elementor-button-link elementor-size-sm elementor-animation-float\" href=\"https:\/\/mister.loans\/es\/refinanciar\/\" id=\"boton-1\">\n\t\t\t\t\t\t<span class=\"elementor-button-content-wrapper\">\n\t\t\t\t\t\t\t\t\t<span class=\"elementor-button-text\">Refinanciar<\/span>\n\t\t\t\t\t<\/span>\n\t\t\t\t\t<\/a>\n\t\t\t\t<\/div>\n\t\t\t\t\t\t\t\t<\/div>\n\t\t\t\t<\/div>\n\t\t\t\t\t<\/div>\n\t\t<\/div>\n\t\t\t\t<div class=\"elementor-column elementor-col-25 elementor-inner-column elementor-element elementor-element-5d454be\" data-id=\"5d454be\" data-element_type=\"column\" data-e-type=\"column\">\n\t\t\t<div class=\"elementor-widget-wrap elementor-element-populated\">\n\t\t\t\t\t\t<div class=\"elementor-element elementor-element-097344f elementor-align-center elementor-widget elementor-widget-button\" data-id=\"097344f\" data-element_type=\"widget\" data-e-type=\"widget\" data-widget_type=\"button.default\">\n\t\t\t\t<div class=\"elementor-widget-container\">\n\t\t\t\t\t\t\t\t\t<div class=\"elementor-button-wrapper\">\n\t\t\t\t\t<a class=\"elementor-button elementor-button-link elementor-size-sm elementor-animation-float\" href=\"https:\/\/mister.loans\/es\/extranjeros\/\" id=\"boton-1\">\n\t\t\t\t\t\t<span class=\"elementor-button-content-wrapper\">\n\t\t\t\t\t\t\t\t\t<span class=\"elementor-button-text\">Extranjeros<\/span>\n\t\t\t\t\t<\/span>\n\t\t\t\t\t<\/a>\n\t\t\t\t<\/div>\n\t\t\t\t\t\t\t\t<\/div>\n\t\t\t\t<\/div>\n\t\t\t\t\t<\/div>\n\t\t<\/div>\n\t\t\t\t<div class=\"elementor-column elementor-col-25 elementor-inner-column elementor-element elementor-element-545f7d7\" data-id=\"545f7d7\" data-element_type=\"column\" data-e-type=\"column\">\n\t\t\t<div class=\"elementor-widget-wrap elementor-element-populated\">\n\t\t\t\t\t\t<div class=\"elementor-element elementor-element-c2081cd elementor-align-center elementor-widget elementor-widget-button\" data-id=\"c2081cd\" data-element_type=\"widget\" data-e-type=\"widget\" data-widget_type=\"button.default\">\n\t\t\t\t<div class=\"elementor-widget-container\">\n\t\t\t\t\t\t\t\t\t<div class=\"elementor-button-wrapper\">\n\t\t\t\t\t<a class=\"elementor-button elementor-button-link elementor-size-sm elementor-animation-float\" href=\"https:\/\/mister.loans\/es\/calculadora-hipotecaria\/\" id=\"boton-1\">\n\t\t\t\t\t\t<span class=\"elementor-button-content-wrapper\">\n\t\t\t\t\t\t\t\t\t<span class=\"elementor-button-text\">Calculadora Hipotecaria<\/span>\n\t\t\t\t\t<\/span>\n\t\t\t\t\t<\/a>\n\t\t\t\t<\/div>\n\t\t\t\t\t\t\t\t<\/div>\n\t\t\t\t<\/div>\n\t\t\t\t\t<\/div>\n\t\t<\/div>\n\t\t\t\t\t<\/div>\n\t\t<\/section>\n\t\t\t\t\t<\/div>\n\t\t<\/div>\n\t\t\t\t\t<\/div>\n\t\t<\/section>\n\t\t<div class=\"elementor-element elementor-element-4a86e9b e-flex e-con-boxed e-con e-parent\" data-id=\"4a86e9b\" data-element_type=\"container\" data-e-type=\"container\" data-settings=\"{&quot;background_background&quot;:&quot;classic&quot;}\">\n\t\t\t\t\t<div class=\"e-con-inner\">\n\t\t\t\t<div class=\"elementor-element elementor-element-e1c0535 elementor-widget elementor-widget-spacer\" data-id=\"e1c0535\" data-element_type=\"widget\" data-e-type=\"widget\" data-widget_type=\"spacer.default\">\n\t\t\t\t<div class=\"elementor-widget-container\">\n\t\t\t\t\t\t\t<div class=\"elementor-spacer\">\n\t\t\t<div class=\"elementor-spacer-inner\"><\/div>\n\t\t<\/div>\n\t\t\t\t\t\t<\/div>\n\t\t\t\t<\/div>\n\t\t\t\t\t<\/div>\n\t\t\t\t<\/div>\n\t\t\t\t<\/div>\n\t\t","protected":false},"excerpt":{"rendered":"<p>HAZ TUHIPOTECAM\u00c1S SIMPLE \u00a1Comencemos Ahora! Sobre Nosotros Nuestro equipo, compuesto por especialistas financieros, tecnol\u00f3gicos y de bienes ra\u00edces, ofrece casi una d\u00e9cada de probada experiencia financiera y de corretaje; junto con una \u00e9tica s\u00f3lida y un deseo genuino de ayudar a otros a tener \u00e9xito, valoramos a nuestros clientes y su proceso de compra de [&hellip;]<\/p>\n","protected":false},"author":3,"featured_media":0,"parent":0,"menu_order":0,"comment_status":"closed","ping_status":"closed","template":"elementor_header_footer","meta":{"footnotes":""},"class_list":["post-13","page","type-page","status-publish","hentry"],"blocksy_meta":{"styles_descriptor":{"styles":{"desktop":"","tablet":"","mobile":""},"google_fonts":[],"version":6}},"yoast_head":"<!-- This site is optimized with the Yoast SEO plugin v27.2 - https:\/\/yoast.com\/product\/yoast-seo-wordpress\/ -->\n<title>Inicio - Mister Loans<\/title>\n<meta name=\"robots\" content=\"index, follow, max-snippet:-1, max-image-preview:large, max-video-preview:-1\" \/>\n<link rel=\"canonical\" href=\"https:\/\/mister.loans\/es\/\" \/>\n<meta property=\"og:locale\" content=\"es_ES\" \/>\n<meta property=\"og:type\" content=\"article\" \/>\n<meta property=\"og:title\" content=\"Inicio - Mister Loans\" \/>\n<meta property=\"og:description\" content=\"HAZ TUHIPOTECAM\u00c1S SIMPLE \u00a1Comencemos Ahora! Sobre Nosotros Nuestro equipo, compuesto por especialistas financieros, tecnol\u00f3gicos y de bienes ra\u00edces, ofrece casi una d\u00e9cada de probada experiencia financiera y de corretaje; junto con una \u00e9tica s\u00f3lida y un deseo genuino de ayudar a otros a tener \u00e9xito, valoramos a nuestros clientes y su proceso de compra de [&hellip;]\" \/>\n<meta property=\"og:url\" content=\"https:\/\/mister.loans\/es\/\" \/>\n<meta property=\"og:site_name\" content=\"Mister Loans\" \/>\n<meta property=\"article:modified_time\" content=\"2025-11-27T17:46:09+00:00\" \/>\n<meta property=\"og:image\" content=\"https:\/\/mister.loans\/es\/wp-content\/uploads\/2022\/08\/AdobeStock_179074209.webp\" \/>\n<meta name=\"twitter:card\" content=\"summary_large_image\" \/>\n<meta name=\"twitter:label1\" content=\"Tiempo de lectura\" \/>\n\t<meta name=\"twitter:data1\" content=\"2 minutos\" \/>\n<script type=\"application\/ld+json\" class=\"yoast-schema-graph\">{\"@context\":\"https:\/\/schema.org\",\"@graph\":[{\"@type\":\"WebPage\",\"@id\":\"https:\/\/mister.loans\/es\/\",\"url\":\"https:\/\/mister.loans\/es\/\",\"name\":\"Inicio - Mister Loans\",\"isPartOf\":{\"@id\":\"https:\/\/mister.loans\/es\/#website\"},\"primaryImageOfPage\":{\"@id\":\"https:\/\/mister.loans\/es\/#primaryimage\"},\"image\":{\"@id\":\"https:\/\/mister.loans\/es\/#primaryimage\"},\"thumbnailUrl\":\"https:\/\/mister.loans\/es\/wp-content\/uploads\/2022\/08\/AdobeStock_179074209.webp\",\"datePublished\":\"2022-08-01T20:26:50+00:00\",\"dateModified\":\"2025-11-27T17:46:09+00:00\",\"breadcrumb\":{\"@id\":\"https:\/\/mister.loans\/es\/#breadcrumb\"},\"inLanguage\":\"es\",\"potentialAction\":[{\"@type\":\"ReadAction\",\"target\":[\"https:\/\/mister.loans\/es\/\"]}]},{\"@type\":\"ImageObject\",\"inLanguage\":\"es\",\"@id\":\"https:\/\/mister.loans\/es\/#primaryimage\",\"url\":\"https:\/\/mister.loans\/es\/wp-content\/uploads\/2022\/08\/AdobeStock_179074209.webp\",\"contentUrl\":\"https:\/\/mister.loans\/es\/wp-content\/uploads\/2022\/08\/AdobeStock_179074209.webp\",\"width\":2500,\"height\":1668},{\"@type\":\"BreadcrumbList\",\"@id\":\"https:\/\/mister.loans\/es\/#breadcrumb\",\"itemListElement\":[{\"@type\":\"ListItem\",\"position\":1,\"name\":\"Portada\",\"item\":\"https:\/\/mister.loans\/es\/\"},{\"@type\":\"ListItem\",\"position\":2,\"name\":\"Inicio\"}]},{\"@type\":\"WebSite\",\"@id\":\"https:\/\/mister.loans\/es\/#website\",\"url\":\"https:\/\/mister.loans\/es\/\",\"name\":\"Mister Loans\",\"description\":\"\",\"publisher\":{\"@id\":\"https:\/\/mister.loans\/es\/#organization\"},\"potentialAction\":[{\"@type\":\"SearchAction\",\"target\":{\"@type\":\"EntryPoint\",\"urlTemplate\":\"https:\/\/mister.loans\/es\/?s={search_term_string}\"},\"query-input\":{\"@type\":\"PropertyValueSpecification\",\"valueRequired\":true,\"valueName\":\"search_term_string\"}}],\"inLanguage\":\"es\"},{\"@type\":\"Organization\",\"@id\":\"https:\/\/mister.loans\/es\/#organization\",\"name\":\"Mister Loans\",\"url\":\"https:\/\/mister.loans\/es\/\",\"logo\":{\"@type\":\"ImageObject\",\"inLanguage\":\"es\",\"@id\":\"https:\/\/mister.loans\/es\/#\/schema\/logo\/image\/\",\"url\":\"https:\/\/mister.loans\/es\/wp-content\/uploads\/2025\/12\/cropped-cropped-logo-1-e1659384125165.png\",\"contentUrl\":\"https:\/\/mister.loans\/es\/wp-content\/uploads\/2025\/12\/cropped-cropped-logo-1-e1659384125165.png\",\"width\":512,\"height\":512,\"caption\":\"Mister Loans\"},\"image\":{\"@id\":\"https:\/\/mister.loans\/es\/#\/schema\/logo\/image\/\"}}]}<\/script>\n<!-- \/ Yoast SEO plugin. -->","yoast_head_json":{"title":"Inicio - Mister Loans","robots":{"index":"index","follow":"follow","max-snippet":"max-snippet:-1","max-image-preview":"max-image-preview:large","max-video-preview":"max-video-preview:-1"},"canonical":"https:\/\/mister.loans\/es\/","og_locale":"es_ES","og_type":"article","og_title":"Inicio - Mister Loans","og_description":"HAZ TUHIPOTECAM\u00c1S SIMPLE \u00a1Comencemos Ahora! Sobre Nosotros Nuestro equipo, compuesto por especialistas financieros, tecnol\u00f3gicos y de bienes ra\u00edces, ofrece casi una d\u00e9cada de probada experiencia financiera y de corretaje; junto con una \u00e9tica s\u00f3lida y un deseo genuino de ayudar a otros a tener \u00e9xito, valoramos a nuestros clientes y su proceso de compra de [&hellip;]","og_url":"https:\/\/mister.loans\/es\/","og_site_name":"Mister Loans","article_modified_time":"2025-11-27T17:46:09+00:00","og_image":[{"url":"https:\/\/mister.loans\/es\/wp-content\/uploads\/2022\/08\/AdobeStock_179074209.webp","type":"","width":"","height":""}],"twitter_card":"summary_large_image","twitter_misc":{"Tiempo de lectura":"2 minutos"},"schema":{"@context":"https:\/\/schema.org","@graph":[{"@type":"WebPage","@id":"https:\/\/mister.loans\/es\/","url":"https:\/\/mister.loans\/es\/","name":"Inicio - Mister Loans","isPartOf":{"@id":"https:\/\/mister.loans\/es\/#website"},"primaryImageOfPage":{"@id":"https:\/\/mister.loans\/es\/#primaryimage"},"image":{"@id":"https:\/\/mister.loans\/es\/#primaryimage"},"thumbnailUrl":"https:\/\/mister.loans\/es\/wp-content\/uploads\/2022\/08\/AdobeStock_179074209.webp","datePublished":"2022-08-01T20:26:50+00:00","dateModified":"2025-11-27T17:46:09+00:00","breadcrumb":{"@id":"https:\/\/mister.loans\/es\/#breadcrumb"},"inLanguage":"es","potentialAction":[{"@type":"ReadAction","target":["https:\/\/mister.loans\/es\/"]}]},{"@type":"ImageObject","inLanguage":"es","@id":"https:\/\/mister.loans\/es\/#primaryimage","url":"https:\/\/mister.loans\/es\/wp-content\/uploads\/2022\/08\/AdobeStock_179074209.webp","contentUrl":"https:\/\/mister.loans\/es\/wp-content\/uploads\/2022\/08\/AdobeStock_179074209.webp","width":2500,"height":1668},{"@type":"BreadcrumbList","@id":"https:\/\/mister.loans\/es\/#breadcrumb","itemListElement":[{"@type":"ListItem","position":1,"name":"Portada","item":"https:\/\/mister.loans\/es\/"},{"@type":"ListItem","position":2,"name":"Inicio"}]},{"@type":"WebSite","@id":"https:\/\/mister.loans\/es\/#website","url":"https:\/\/mister.loans\/es\/","name":"Mister Loans","description":"","publisher":{"@id":"https:\/\/mister.loans\/es\/#organization"},"potentialAction":[{"@type":"SearchAction","target":{"@type":"EntryPoint","urlTemplate":"https:\/\/mister.loans\/es\/?s={search_term_string}"},"query-input":{"@type":"PropertyValueSpecification","valueRequired":true,"valueName":"search_term_string"}}],"inLanguage":"es"},{"@type":"Organization","@id":"https:\/\/mister.loans\/es\/#organization","name":"Mister Loans","url":"https:\/\/mister.loans\/es\/","logo":{"@type":"ImageObject","inLanguage":"es","@id":"https:\/\/mister.loans\/es\/#\/schema\/logo\/image\/","url":"https:\/\/mister.loans\/es\/wp-content\/uploads\/2025\/12\/cropped-cropped-logo-1-e1659384125165.png","contentUrl":"https:\/\/mister.loans\/es\/wp-content\/uploads\/2025\/12\/cropped-cropped-logo-1-e1659384125165.png","width":512,"height":512,"caption":"Mister Loans"},"image":{"@id":"https:\/\/mister.loans\/es\/#\/schema\/logo\/image\/"}}]}},"_links":{"self":[{"href":"https:\/\/mister.loans\/es\/wp-json\/wp\/v2\/pages\/13","targetHints":{"allow":["GET"]}}],"collection":[{"href":"https:\/\/mister.loans\/es\/wp-json\/wp\/v2\/pages"}],"about":[{"href":"https:\/\/mister.loans\/es\/wp-json\/wp\/v2\/types\/page"}],"author":[{"embeddable":true,"href":"https:\/\/mister.loans\/es\/wp-json\/wp\/v2\/users\/3"}],"replies":[{"embeddable":true,"href":"https:\/\/mister.loans\/es\/wp-json\/wp\/v2\/comments?post=13"}],"version-history":[{"count":410,"href":"https:\/\/mister.loans\/es\/wp-json\/wp\/v2\/pages\/13\/revisions"}],"predecessor-version":[{"id":2471,"href":"https:\/\/mister.loans\/es\/wp-json\/wp\/v2\/pages\/13\/revisions\/2471"}],"wp:attachment":[{"href":"https:\/\/mister.loans\/es\/wp-json\/wp\/v2\/media?parent=13"}],"curies":[{"name":"wp","href":"https:\/\/api.w.org\/{rel}","templated":true}]}}