{"id":293,"date":"2022-08-09T17:18:01","date_gmt":"2022-08-09T17:18:01","guid":{"rendered":"https:\/\/mrloans.us\/?page_id=293"},"modified":"2024-06-13T18:32:46","modified_gmt":"2024-06-13T18:32:46","slug":"comprar","status":"publish","type":"page","link":"https:\/\/mister.loans\/es\/comprar\/","title":{"rendered":"Comprar"},"content":{"rendered":"\t\t<div data-elementor-type=\"wp-page\" data-elementor-id=\"293\" class=\"elementor elementor-293\" data-elementor-post-type=\"page\">\n\t\t\t\t<div class=\"elementor-element elementor-element-eabc3b1 e-flex e-con-boxed e-con e-parent\" data-id=\"eabc3b1\" data-element_type=\"container\" data-e-type=\"container\" data-settings=\"{&quot;background_background&quot;:&quot;classic&quot;}\">\n\t\t\t\t\t<div class=\"e-con-inner\">\n\t\t<div class=\"elementor-element elementor-element-6bf2bbe e-con-full e-flex e-con e-child\" data-id=\"6bf2bbe\" data-element_type=\"container\" data-e-type=\"container\">\n\t\t\t\t<div class=\"elementor-element elementor-element-6c94f20 elementor-widget elementor-widget-text-editor\" data-id=\"6c94f20\" data-element_type=\"widget\" data-e-type=\"widget\" data-widget_type=\"text-editor.default\">\n\t\t\t\t<div class=\"elementor-widget-container\">\n\t\t\t\t\t\t\t\t\t<p><a href=\"https:\/\/mister.loans\/es\/\">Inicio<\/a> \u00bb Comprar<\/p>\t\t\t\t\t\t\t\t<\/div>\n\t\t\t\t<\/div>\n\t\t\t\t<div class=\"elementor-element elementor-element-414993d elementor-widget elementor-widget-image\" data-id=\"414993d\" data-element_type=\"widget\" data-e-type=\"widget\" data-widget_type=\"image.default\">\n\t\t\t\t<div class=\"elementor-widget-container\">\n\t\t\t\t\t\t\t\t\t\t\t\t\t\t\t<img fetchpriority=\"high\" decoding=\"async\" width=\"500\" height=\"500\" src=\"https:\/\/mister.loans\/es\/wp-content\/uploads\/2022\/08\/Banner.png\" class=\"attachment-full size-full wp-image-296\" alt=\"\" srcset=\"https:\/\/mister.loans\/es\/wp-content\/uploads\/2022\/08\/Banner.png 500w, https:\/\/mister.loans\/es\/wp-content\/uploads\/2022\/08\/Banner-300x300.png 300w, https:\/\/mister.loans\/es\/wp-content\/uploads\/2022\/08\/Banner-150x150.png 150w\" sizes=\"(max-width: 500px) 100vw, 500px\" \/>\t\t\t\t\t\t\t\t\t\t\t\t\t\t\t<\/div>\n\t\t\t\t<\/div>\n\t\t\t\t<\/div>\n\t\t<div class=\"elementor-element elementor-element-1c8e593 e-con-full e-flex e-con e-child\" data-id=\"1c8e593\" data-element_type=\"container\" data-e-type=\"container\">\n\t\t\t\t<div class=\"elementor-element elementor-element-35830ca elementor-widget elementor-widget-heading\" data-id=\"35830ca\" data-element_type=\"widget\" data-e-type=\"widget\" data-widget_type=\"heading.default\">\n\t\t\t\t<div class=\"elementor-widget-container\">\n\t\t\t\t\t<h1 class=\"elementor-heading-title elementor-size-default\">Opci\u00f3n de Comprar<\/h1>\t\t\t\t<\/div>\n\t\t\t\t<\/div>\n\t\t\t\t<div class=\"elementor-element elementor-element-414125a elementor-widget elementor-widget-text-editor\" data-id=\"414125a\" data-element_type=\"widget\" data-e-type=\"widget\" data-widget_type=\"text-editor.default\">\n\t\t\t\t<div class=\"elementor-widget-container\">\n\t\t\t\t\t\t\t\t\t<p>Nuestra cultura empresarial \u00fanica se enorgullece de la transparencia en el proceso de adquisici\u00f3n de pr\u00e9stamos. Creemos en equipar a las familias con conocimiento y confianza en su experiencia de compra de vivienda.<\/p><p>Mister Loans se esfuerza por inspirar esperanza y generar prosperidad en la vida de cada individuo con el que nos encontramos.<\/p>\t\t\t\t\t\t\t\t<\/div>\n\t\t\t\t<\/div>\n\t\t<div class=\"elementor-element elementor-element-26bef08 e-flex e-con-boxed e-con e-child\" data-id=\"26bef08\" data-element_type=\"container\" data-e-type=\"container\">\n\t\t\t\t\t<div class=\"e-con-inner\">\n\t\t\t\t<div class=\"elementor-element elementor-element-16df0a3 elementor-align-center elementor-widget__width-inherit elementor-invisible elementor-widget elementor-widget-button\" data-id=\"16df0a3\" data-element_type=\"widget\" data-e-type=\"widget\" data-settings=\"{&quot;_animation&quot;:&quot;zoomIn&quot;,&quot;_animation_delay&quot;:250}\" data-widget_type=\"button.default\">\n\t\t\t\t<div class=\"elementor-widget-container\">\n\t\t\t\t\t\t\t\t\t<div class=\"elementor-button-wrapper\">\n\t\t\t\t\t<a class=\"elementor-button elementor-button-link elementor-size-sm elementor-animation-float\" href=\"https:\/\/fifthfinancial.floify.com\/?lang=es\" target=\"_blank\">\n\t\t\t\t\t\t<span class=\"elementor-button-content-wrapper\">\n\t\t\t\t\t\t\t\t\t<span class=\"elementor-button-text\">\u00a1Comenzar Ya!<\/span>\n\t\t\t\t\t<\/span>\n\t\t\t\t\t<\/a>\n\t\t\t\t<\/div>\n\t\t\t\t\t\t\t\t<\/div>\n\t\t\t\t<\/div>\n\t\t\t\t\t<\/div>\n\t\t\t\t<\/div>\n\t\t\t\t<\/div>\n\t\t\t\t\t<\/div>\n\t\t\t\t<\/div>\n\t\t<div class=\"elementor-element elementor-element-730c3b0 elementor-hidden-desktop elementor-hidden-tablet elementor-hidden-mobile e-flex e-con-boxed e-con e-parent\" data-id=\"730c3b0\" data-element_type=\"container\" data-e-type=\"container\">\n\t\t\t\t\t<div class=\"e-con-inner\">\n\t\t\t\t<div class=\"elementor-element elementor-element-b015720 elementor-widget elementor-widget-heading\" data-id=\"b015720\" data-element_type=\"widget\" data-e-type=\"widget\" data-widget_type=\"heading.default\">\n\t\t\t\t<div class=\"elementor-widget-container\">\n\t\t\t\t\t<h2 class=\"elementor-heading-title elementor-size-default\">Good Job! You have taken the first step to buy a home\u2026<\/h2>\t\t\t\t<\/div>\n\t\t\t\t<\/div>\n\t\t\t\t\t<\/div>\n\t\t\t\t<\/div>\n\t\t<div class=\"elementor-element elementor-element-9e93218 elementor-hidden-desktop elementor-hidden-tablet elementor-hidden-mobile e-flex e-con-boxed e-con e-parent\" data-id=\"9e93218\" data-element_type=\"container\" data-e-type=\"container\">\n\t\t\t\t\t<div class=\"e-con-inner\">\n\t\t<div class=\"elementor-element elementor-element-a236b8e e-con-full e-flex e-con e-child\" data-id=\"a236b8e\" data-element_type=\"container\" data-e-type=\"container\">\n\t\t\t\t<div class=\"elementor-element elementor-element-1c5b145 elementor-widget elementor-widget-text-editor\" data-id=\"1c5b145\" data-element_type=\"widget\" data-e-type=\"widget\" data-widget_type=\"text-editor.default\">\n\t\t\t\t<div class=\"elementor-widget-container\">\n\t\t\t\t\t\t\t\t\t<p>For most people, purchasing a home is the biggest financial decision they will ever make. And with homes often costing hundreds of thousands \u2014 and in some cases millions \u2014 of dollars, most people can\u2019t afford to pay cash for the entire property up front. As a result, they need to take out a home loan (i.e. borrow) from a bank or specialized <strong>mortgage lender<\/strong> for borrowers with lower budgets (such as the USDA, FHA, or VA).<\/p><p>Our main goal at Mister.Loans is to help you find the right home financing with the right mortgage lender.<\/p><p>Do you already have a home loan? We can also help you <strong>refinance your mortgage<\/strong> and save money.<\/p>\t\t\t\t\t\t\t\t<\/div>\n\t\t\t\t<\/div>\n\t\t\t\t<\/div>\n\t\t<div class=\"elementor-element elementor-element-2908e22 e-con-full e-flex e-con e-child\" data-id=\"2908e22\" data-element_type=\"container\" data-e-type=\"container\">\n\t\t\t\t<div class=\"elementor-element elementor-element-c388792 elementor-widget elementor-widget-heading\" data-id=\"c388792\" data-element_type=\"widget\" data-e-type=\"widget\" data-widget_type=\"heading.default\">\n\t\t\t\t<div class=\"elementor-widget-container\">\n\t\t\t\t\t<h5 class=\"elementor-heading-title elementor-size-default\">WHAT IS A MORTGAGE?\n<\/h5>\t\t\t\t<\/div>\n\t\t\t\t<\/div>\n\t\t\t\t<div class=\"elementor-element elementor-element-574ce72 elementor-widget elementor-widget-text-editor\" data-id=\"574ce72\" data-element_type=\"widget\" data-e-type=\"widget\" data-widget_type=\"text-editor.default\">\n\t\t\t\t<div class=\"elementor-widget-container\">\n\t\t\t\t\t\t\t\t\t<p>A\u00a0mortgage\u00a0is a legal agreement between a borrower and mortgage lender. The lender provides money to the borrower to purchase real estate, and in exchange, the borrower agrees to repay the loan, plus interest. The mortgage is secured by the real estate \u2014 for example, a home \u2014 so if the borrower fails to repay the loan, the lender can repossess the home through\u00a0foreclosure\u00a0and sell it to pay off the loan.<\/p>\t\t\t\t\t\t\t\t<\/div>\n\t\t\t\t<\/div>\n\t\t\t\t<\/div>\n\t\t\t\t\t<\/div>\n\t\t\t\t<\/div>\n\t\t<div class=\"elementor-element elementor-element-ce41324 elementor-hidden-desktop elementor-hidden-tablet elementor-hidden-mobile e-flex e-con-boxed e-con e-parent\" data-id=\"ce41324\" data-element_type=\"container\" data-e-type=\"container\">\n\t\t\t\t\t<div class=\"e-con-inner\">\n\t\t\t\t<div class=\"elementor-element elementor-element-aa93d7b elementor-widget-divider--view-line elementor-widget elementor-widget-divider\" data-id=\"aa93d7b\" data-element_type=\"widget\" data-e-type=\"widget\" data-widget_type=\"divider.default\">\n\t\t\t\t<div class=\"elementor-widget-container\">\n\t\t\t\t\t\t\t<div class=\"elementor-divider\">\n\t\t\t<span class=\"elementor-divider-separator\">\n\t\t\t\t\t\t<\/span>\n\t\t<\/div>\n\t\t\t\t\t\t<\/div>\n\t\t\t\t<\/div>\n\t\t\t\t\t<\/div>\n\t\t\t\t<\/div>\n\t\t<div class=\"elementor-element elementor-element-3de8f1d elementor-hidden-desktop elementor-hidden-tablet elementor-hidden-mobile e-flex e-con-boxed e-con e-parent\" data-id=\"3de8f1d\" data-element_type=\"container\" data-e-type=\"container\" data-settings=\"{&quot;background_background&quot;:&quot;classic&quot;}\">\n\t\t\t\t\t<div class=\"e-con-inner\">\n\t\t\t\t<div class=\"elementor-element elementor-element-a593304 premium-atext__switch elementor-widget elementor-widget-premium-addon-fancy-text\" data-id=\"a593304\" data-element_type=\"widget\" data-e-type=\"widget\" data-widget_type=\"premium-addon-fancy-text.default\">\n\t\t\t\t<div class=\"elementor-widget-container\">\n\t\t\t\t\t\t\t<div class=\"premium-atext__wrapper premium-atext__custom \" data-start-effect=\"page_load\" data-settings=\"{&quot;effect&quot;:&quot;custom&quot;,&quot;delay&quot;:&quot;&quot;,&quot;count&quot;:&quot;&quot;,&quot;animation&quot;:&quot;slideInRight&quot;,&quot;loading&quot;:false,&quot;style&quot;:&quot;switch&quot;}\">\n\n\t\t\t<h3 class=\"premium-atext__headline\">\n\t\t\t\t\t\t\t<span class=\"premium-prefix-text\">\n\t\t\t\t\t<span >Which One Is Right for You?<\/span>\n\t\t\t\t<\/span>\n\t\t\t\n\t\t\t\t\t\t<div class=\"premium-atext__text\" style='display: inline-block; text-align: center'>\n\t\t\t\t<ul class=\"premium-atext__items-wrapper\">\n\t\t\t\t\t\t\t\t\t<li class=\"premium-fancy-list-items premium-fancy-item-visible\">\n\t\t\t\t\t\t\tFHA\t\t\t\t\t\t<\/li>\n\t\t\t\t\t\t\t\t\t\t\t<li class=\"premium-fancy-list-items premium-fancy-item-hidden\">\n\t\t\t\t\t\t\tVA LOAN\t\t\t\t\t\t<\/li>\n\t\t\t\t\t\t\t\t\t\t\t<li class=\"premium-fancy-list-items premium-fancy-item-hidden\">\n\t\t\t\t\t\t\tConventional Loan\t\t\t\t\t\t<\/li>\n\t\t\t\t\t\t\t\t\t\t\t<li class=\"premium-fancy-list-items premium-fancy-item-hidden\">\n\t\t\t\t\t\t\tConventional Mortgage\t\t\t\t\t\t<\/li>\n\t\t\t\t\t\t\t\t\t<\/ul>\n\t\t\t<\/div>\n\t\t\t\n\t\t\t\n\t\t\t\n\t\t\t<\/h3>\n\t\t<\/div>\n\t\t\t\t\t\t<\/div>\n\t\t\t\t<\/div>\n\t\t<div class=\"elementor-element elementor-element-1433240 e-con-full e-flex e-con e-child\" data-id=\"1433240\" data-element_type=\"container\" data-e-type=\"container\">\n\t\t<div class=\"elementor-element elementor-element-a1c4079 e-flex e-con-boxed e-con e-child\" data-id=\"a1c4079\" data-element_type=\"container\" data-e-type=\"container\">\n\t\t\t\t\t<div class=\"e-con-inner\">\n\t\t\t\t<div class=\"elementor-element elementor-element-ca3c297 elementor-view-stacked elementor-shape-circle elementor-position-block-start elementor-mobile-position-block-start elementor-widget elementor-widget-icon-box\" data-id=\"ca3c297\" data-element_type=\"widget\" data-e-type=\"widget\" data-widget_type=\"icon-box.default\">\n\t\t\t\t<div class=\"elementor-widget-container\">\n\t\t\t\t\t\t\t<div class=\"elementor-icon-box-wrapper\">\n\n\t\t\t\t\t\t<div class=\"elementor-icon-box-icon\">\n\t\t\t\t<span  class=\"elementor-icon elementor-animation-wobble-horizontal\">\n\t\t\t\t<i aria-hidden=\"true\" class=\"fas fa-university\"><\/i>\t\t\t\t<\/span>\n\t\t\t<\/div>\n\t\t\t\n\t\t\t\t\t\t<div class=\"elementor-icon-box-content\">\n\n\t\t\t\t\t\t\t\t\t<h3 class=\"elementor-icon-box-title\">\n\t\t\t\t\t\t<span  >\n\t\t\t\t\t\t\tConventional Mortgage or Loan\t\t\t\t\t\t<\/span>\n\t\t\t\t\t<\/h3>\n\t\t\t\t\n\t\t\t\t\t\t\t\t\t<p class=\"elementor-icon-box-description\">\n\t\t\t\t\t\tA conventional mortgage or conventional loan is any type of home buyer\u2019s loan that is not offered or secured by a government entity.\n\t\t\t\t\t<\/p>\n\t\t\t\t\n\t\t\t<\/div>\n\t\t\t\n\t\t<\/div>\n\t\t\t\t\t\t<\/div>\n\t\t\t\t<\/div>\n\t\t\t\t<div class=\"elementor-element elementor-element-3e2984b elementor-widget elementor-widget-heading\" data-id=\"3e2984b\" data-element_type=\"widget\" data-e-type=\"widget\" data-widget_type=\"heading.default\">\n\t\t\t\t<div class=\"elementor-widget-container\">\n\t\t\t\t\t<p class=\"elementor-heading-title elementor-size-default\">Is this for me?\n<\/p>\t\t\t\t<\/div>\n\t\t\t\t<\/div>\n\t\t\t\t\t<\/div>\n\t\t\t\t<\/div>\n\t\t<div class=\"elementor-element elementor-element-8a2d2aa e-flex e-con-boxed e-con e-child\" data-id=\"8a2d2aa\" data-element_type=\"container\" data-e-type=\"container\">\n\t\t\t\t\t<div class=\"e-con-inner\">\n\t\t\t\t<div class=\"elementor-element elementor-element-5359aee elementor-view-stacked elementor-shape-circle elementor-position-block-start elementor-mobile-position-block-start elementor-widget elementor-widget-icon-box\" data-id=\"5359aee\" data-element_type=\"widget\" data-e-type=\"widget\" data-widget_type=\"icon-box.default\">\n\t\t\t\t<div class=\"elementor-widget-container\">\n\t\t\t\t\t\t\t<div class=\"elementor-icon-box-wrapper\">\n\n\t\t\t\t\t\t<div class=\"elementor-icon-box-icon\">\n\t\t\t\t<span  class=\"elementor-icon elementor-animation-wobble-horizontal\">\n\t\t\t\t<i aria-hidden=\"true\" class=\"fas fa-shield-alt\"><\/i>\t\t\t\t<\/span>\n\t\t\t<\/div>\n\t\t\t\n\t\t\t\t\t\t<div class=\"elementor-icon-box-content\">\n\n\t\t\t\t\t\t\t\t\t<h3 class=\"elementor-icon-box-title\">\n\t\t\t\t\t\t<span  >\n\t\t\t\t\t\t\tFHA\t\t\t\t\t\t<\/span>\n\t\t\t\t\t<\/h3>\n\t\t\t\t\n\t\t\t\t\t\t\t\t\t<p class=\"elementor-icon-box-description\">\n\t\t\t\t\t\tWhile typical home loans require a down payment of 20% of the purchase price of your home, with a Federal Housing Administration, or FHA loan, you can put down as little as 3.5%.\t\t\t\t\t<\/p>\n\t\t\t\t\n\t\t\t<\/div>\n\t\t\t\n\t\t<\/div>\n\t\t\t\t\t\t<\/div>\n\t\t\t\t<\/div>\n\t\t\t\t<div class=\"elementor-element elementor-element-adfbd4e elementor-widget elementor-widget-heading\" data-id=\"adfbd4e\" data-element_type=\"widget\" data-e-type=\"widget\" data-widget_type=\"heading.default\">\n\t\t\t\t<div class=\"elementor-widget-container\">\n\t\t\t\t\t<p class=\"elementor-heading-title elementor-size-default\">Is this for me?\n<\/p>\t\t\t\t<\/div>\n\t\t\t\t<\/div>\n\t\t\t\t\t<\/div>\n\t\t\t\t<\/div>\n\t\t<div class=\"elementor-element elementor-element-812b658 e-flex e-con-boxed e-con e-child\" data-id=\"812b658\" data-element_type=\"container\" data-e-type=\"container\">\n\t\t\t\t\t<div class=\"e-con-inner\">\n\t\t\t\t<div class=\"elementor-element elementor-element-49e0db4 elementor-view-stacked elementor-shape-circle elementor-position-block-start elementor-mobile-position-block-start elementor-widget elementor-widget-icon-box\" data-id=\"49e0db4\" data-element_type=\"widget\" data-e-type=\"widget\" data-widget_type=\"icon-box.default\">\n\t\t\t\t<div class=\"elementor-widget-container\">\n\t\t\t\t\t\t\t<div class=\"elementor-icon-box-wrapper\">\n\n\t\t\t\t\t\t<div class=\"elementor-icon-box-icon\">\n\t\t\t\t<span  class=\"elementor-icon elementor-animation-wobble-horizontal\">\n\t\t\t\t<i aria-hidden=\"true\" class=\"fas fa-angle-double-down\"><\/i>\t\t\t\t<\/span>\n\t\t\t<\/div>\n\t\t\t\n\t\t\t\t\t\t<div class=\"elementor-icon-box-content\">\n\n\t\t\t\t\t\t\t\t\t<h3 class=\"elementor-icon-box-title\">\n\t\t\t\t\t\t<span  >\n\t\t\t\t\t\t\tVA LOAN\t\t\t\t\t\t<\/span>\n\t\t\t\t\t<\/h3>\n\t\t\t\t\n\t\t\t\t\t\t\t\t\t<p class=\"elementor-icon-box-description\">\n\t\t\t\t\t\tIf you\u2019ve served in the United States military, a Veterans Affairs or VA loan can be an excellent alternative to a conventional loan.\n\t\t\t\t\t<\/p>\n\t\t\t\t\n\t\t\t<\/div>\n\t\t\t\n\t\t<\/div>\n\t\t\t\t\t\t<\/div>\n\t\t\t\t<\/div>\n\t\t\t\t<div class=\"elementor-element elementor-element-8c9a7c8 elementor-widget elementor-widget-heading\" data-id=\"8c9a7c8\" data-element_type=\"widget\" data-e-type=\"widget\" data-widget_type=\"heading.default\">\n\t\t\t\t<div class=\"elementor-widget-container\">\n\t\t\t\t\t<p class=\"elementor-heading-title elementor-size-default\">Is this for me?\n<\/p>\t\t\t\t<\/div>\n\t\t\t\t<\/div>\n\t\t\t\t\t<\/div>\n\t\t\t\t<\/div>\n\t\t\t\t<\/div>\n\t\t\t\t\t<\/div>\n\t\t\t\t<\/div>\n\t\t\t\t<section class=\"elementor-section elementor-top-section elementor-element elementor-element-808eab7 elementor-section-boxed elementor-section-height-default elementor-section-height-default\" data-id=\"808eab7\" data-element_type=\"section\" data-e-type=\"section\">\n\t\t\t\t\t\t<div class=\"elementor-container elementor-column-gap-default\">\n\t\t\t\t\t<div class=\"elementor-column elementor-col-100 elementor-top-column elementor-element elementor-element-8dd5f46\" data-id=\"8dd5f46\" data-element_type=\"column\" data-e-type=\"column\">\n\t\t\t<div class=\"elementor-widget-wrap elementor-element-populated\">\n\t\t\t\t\t\t<div class=\"elementor-element elementor-element-2e108dc elementor-widget-divider--view-line elementor-widget elementor-widget-divider\" data-id=\"2e108dc\" data-element_type=\"widget\" data-e-type=\"widget\" data-widget_type=\"divider.default\">\n\t\t\t\t<div class=\"elementor-widget-container\">\n\t\t\t\t\t\t\t<div class=\"elementor-divider\">\n\t\t\t<span class=\"elementor-divider-separator\">\n\t\t\t\t\t\t<\/span>\n\t\t<\/div>\n\t\t\t\t\t\t<\/div>\n\t\t\t\t<\/div>\n\t\t\t\t\t<\/div>\n\t\t<\/div>\n\t\t\t\t\t<\/div>\n\t\t<\/section>\n\t\t\t\t<\/div>\n\t\t","protected":false},"excerpt":{"rendered":"<p>Inicio \u00bb Comprar Opci\u00f3n de Comprar Nuestra cultura empresarial \u00fanica se enorgullece de la transparencia en el proceso de adquisici\u00f3n de pr\u00e9stamos. Creemos en equipar a las familias con conocimiento y confianza en su experiencia de compra de vivienda. Mister Loans se esfuerza por inspirar esperanza y generar prosperidad en la vida de cada individuo [&hellip;]<\/p>\n","protected":false},"author":3,"featured_media":0,"parent":0,"menu_order":0,"comment_status":"closed","ping_status":"closed","template":"elementor_header_footer","meta":{"footnotes":""},"class_list":["post-293","page","type-page","status-publish","hentry"],"blocksy_meta":{"styles_descriptor":{"styles":{"desktop":"","tablet":"","mobile":""},"google_fonts":[],"version":6}},"yoast_head":"<!-- This site is optimized with the Yoast SEO plugin v27.2 - https:\/\/yoast.com\/product\/yoast-seo-wordpress\/ -->\n<title>Comprar - Mister Loans<\/title>\n<meta name=\"robots\" content=\"index, follow, max-snippet:-1, max-image-preview:large, max-video-preview:-1\" \/>\n<link rel=\"canonical\" href=\"https:\/\/mister.loans\/es\/comprar\/\" \/>\n<meta property=\"og:locale\" content=\"es_ES\" \/>\n<meta property=\"og:type\" content=\"article\" \/>\n<meta property=\"og:title\" content=\"Comprar - Mister Loans\" \/>\n<meta property=\"og:description\" content=\"Inicio \u00bb Comprar Opci\u00f3n de Comprar Nuestra cultura empresarial \u00fanica se enorgullece de la transparencia en el proceso de adquisici\u00f3n de pr\u00e9stamos. Creemos en equipar a las familias con conocimiento y confianza en su experiencia de compra de vivienda. Mister Loans se esfuerza por inspirar esperanza y generar prosperidad en la vida de cada individuo [&hellip;]\" \/>\n<meta property=\"og:url\" content=\"https:\/\/mister.loans\/es\/comprar\/\" \/>\n<meta property=\"og:site_name\" content=\"Mister Loans\" \/>\n<meta property=\"article:modified_time\" content=\"2024-06-13T18:32:46+00:00\" \/>\n<meta property=\"og:image\" content=\"https:\/\/mister.loans\/es\/wp-content\/uploads\/2022\/08\/Banner.png\" \/>\n<meta name=\"twitter:card\" content=\"summary_large_image\" \/>\n<meta name=\"twitter:label1\" content=\"Tiempo de lectura\" \/>\n\t<meta name=\"twitter:data1\" content=\"2 minutos\" \/>\n<script type=\"application\/ld+json\" class=\"yoast-schema-graph\">{\"@context\":\"https:\/\/schema.org\",\"@graph\":[{\"@type\":\"WebPage\",\"@id\":\"https:\/\/mister.loans\/es\/comprar\/\",\"url\":\"https:\/\/mister.loans\/es\/comprar\/\",\"name\":\"Comprar - Mister Loans\",\"isPartOf\":{\"@id\":\"https:\/\/mister.loans\/es\/#website\"},\"primaryImageOfPage\":{\"@id\":\"https:\/\/mister.loans\/es\/comprar\/#primaryimage\"},\"image\":{\"@id\":\"https:\/\/mister.loans\/es\/comprar\/#primaryimage\"},\"thumbnailUrl\":\"https:\/\/mister.loans\/es\/wp-content\/uploads\/2022\/08\/Banner.png\",\"datePublished\":\"2022-08-09T17:18:01+00:00\",\"dateModified\":\"2024-06-13T18:32:46+00:00\",\"breadcrumb\":{\"@id\":\"https:\/\/mister.loans\/es\/comprar\/#breadcrumb\"},\"inLanguage\":\"es\",\"potentialAction\":[{\"@type\":\"ReadAction\",\"target\":[\"https:\/\/mister.loans\/es\/comprar\/\"]}]},{\"@type\":\"ImageObject\",\"inLanguage\":\"es\",\"@id\":\"https:\/\/mister.loans\/es\/comprar\/#primaryimage\",\"url\":\"https:\/\/mister.loans\/es\/wp-content\/uploads\/2022\/08\/Banner.png\",\"contentUrl\":\"https:\/\/mister.loans\/es\/wp-content\/uploads\/2022\/08\/Banner.png\",\"width\":500,\"height\":500},{\"@type\":\"BreadcrumbList\",\"@id\":\"https:\/\/mister.loans\/es\/comprar\/#breadcrumb\",\"itemListElement\":[{\"@type\":\"ListItem\",\"position\":1,\"name\":\"Portada\",\"item\":\"https:\/\/mister.loans\/es\/\"},{\"@type\":\"ListItem\",\"position\":2,\"name\":\"Comprar\"}]},{\"@type\":\"WebSite\",\"@id\":\"https:\/\/mister.loans\/es\/#website\",\"url\":\"https:\/\/mister.loans\/es\/\",\"name\":\"Mister Loans\",\"description\":\"\",\"publisher\":{\"@id\":\"https:\/\/mister.loans\/es\/#organization\"},\"potentialAction\":[{\"@type\":\"SearchAction\",\"target\":{\"@type\":\"EntryPoint\",\"urlTemplate\":\"https:\/\/mister.loans\/es\/?s={search_term_string}\"},\"query-input\":{\"@type\":\"PropertyValueSpecification\",\"valueRequired\":true,\"valueName\":\"search_term_string\"}}],\"inLanguage\":\"es\"},{\"@type\":\"Organization\",\"@id\":\"https:\/\/mister.loans\/es\/#organization\",\"name\":\"Mister Loans\",\"url\":\"https:\/\/mister.loans\/es\/\",\"logo\":{\"@type\":\"ImageObject\",\"inLanguage\":\"es\",\"@id\":\"https:\/\/mister.loans\/es\/#\/schema\/logo\/image\/\",\"url\":\"https:\/\/mister.loans\/es\/wp-content\/uploads\/2025\/12\/cropped-cropped-logo-1-e1659384125165.png\",\"contentUrl\":\"https:\/\/mister.loans\/es\/wp-content\/uploads\/2025\/12\/cropped-cropped-logo-1-e1659384125165.png\",\"width\":512,\"height\":512,\"caption\":\"Mister Loans\"},\"image\":{\"@id\":\"https:\/\/mister.loans\/es\/#\/schema\/logo\/image\/\"}}]}<\/script>\n<!-- \/ Yoast SEO plugin. -->","yoast_head_json":{"title":"Comprar - Mister Loans","robots":{"index":"index","follow":"follow","max-snippet":"max-snippet:-1","max-image-preview":"max-image-preview:large","max-video-preview":"max-video-preview:-1"},"canonical":"https:\/\/mister.loans\/es\/comprar\/","og_locale":"es_ES","og_type":"article","og_title":"Comprar - Mister Loans","og_description":"Inicio \u00bb Comprar Opci\u00f3n de Comprar Nuestra cultura empresarial \u00fanica se enorgullece de la transparencia en el proceso de adquisici\u00f3n de pr\u00e9stamos. Creemos en equipar a las familias con conocimiento y confianza en su experiencia de compra de vivienda. Mister Loans se esfuerza por inspirar esperanza y generar prosperidad en la vida de cada individuo [&hellip;]","og_url":"https:\/\/mister.loans\/es\/comprar\/","og_site_name":"Mister Loans","article_modified_time":"2024-06-13T18:32:46+00:00","og_image":[{"url":"https:\/\/mister.loans\/es\/wp-content\/uploads\/2022\/08\/Banner.png","type":"","width":"","height":""}],"twitter_card":"summary_large_image","twitter_misc":{"Tiempo de lectura":"2 minutos"},"schema":{"@context":"https:\/\/schema.org","@graph":[{"@type":"WebPage","@id":"https:\/\/mister.loans\/es\/comprar\/","url":"https:\/\/mister.loans\/es\/comprar\/","name":"Comprar - Mister Loans","isPartOf":{"@id":"https:\/\/mister.loans\/es\/#website"},"primaryImageOfPage":{"@id":"https:\/\/mister.loans\/es\/comprar\/#primaryimage"},"image":{"@id":"https:\/\/mister.loans\/es\/comprar\/#primaryimage"},"thumbnailUrl":"https:\/\/mister.loans\/es\/wp-content\/uploads\/2022\/08\/Banner.png","datePublished":"2022-08-09T17:18:01+00:00","dateModified":"2024-06-13T18:32:46+00:00","breadcrumb":{"@id":"https:\/\/mister.loans\/es\/comprar\/#breadcrumb"},"inLanguage":"es","potentialAction":[{"@type":"ReadAction","target":["https:\/\/mister.loans\/es\/comprar\/"]}]},{"@type":"ImageObject","inLanguage":"es","@id":"https:\/\/mister.loans\/es\/comprar\/#primaryimage","url":"https:\/\/mister.loans\/es\/wp-content\/uploads\/2022\/08\/Banner.png","contentUrl":"https:\/\/mister.loans\/es\/wp-content\/uploads\/2022\/08\/Banner.png","width":500,"height":500},{"@type":"BreadcrumbList","@id":"https:\/\/mister.loans\/es\/comprar\/#breadcrumb","itemListElement":[{"@type":"ListItem","position":1,"name":"Portada","item":"https:\/\/mister.loans\/es\/"},{"@type":"ListItem","position":2,"name":"Comprar"}]},{"@type":"WebSite","@id":"https:\/\/mister.loans\/es\/#website","url":"https:\/\/mister.loans\/es\/","name":"Mister Loans","description":"","publisher":{"@id":"https:\/\/mister.loans\/es\/#organization"},"potentialAction":[{"@type":"SearchAction","target":{"@type":"EntryPoint","urlTemplate":"https:\/\/mister.loans\/es\/?s={search_term_string}"},"query-input":{"@type":"PropertyValueSpecification","valueRequired":true,"valueName":"search_term_string"}}],"inLanguage":"es"},{"@type":"Organization","@id":"https:\/\/mister.loans\/es\/#organization","name":"Mister Loans","url":"https:\/\/mister.loans\/es\/","logo":{"@type":"ImageObject","inLanguage":"es","@id":"https:\/\/mister.loans\/es\/#\/schema\/logo\/image\/","url":"https:\/\/mister.loans\/es\/wp-content\/uploads\/2025\/12\/cropped-cropped-logo-1-e1659384125165.png","contentUrl":"https:\/\/mister.loans\/es\/wp-content\/uploads\/2025\/12\/cropped-cropped-logo-1-e1659384125165.png","width":512,"height":512,"caption":"Mister Loans"},"image":{"@id":"https:\/\/mister.loans\/es\/#\/schema\/logo\/image\/"}}]}},"_links":{"self":[{"href":"https:\/\/mister.loans\/es\/wp-json\/wp\/v2\/pages\/293","targetHints":{"allow":["GET"]}}],"collection":[{"href":"https:\/\/mister.loans\/es\/wp-json\/wp\/v2\/pages"}],"about":[{"href":"https:\/\/mister.loans\/es\/wp-json\/wp\/v2\/types\/page"}],"author":[{"embeddable":true,"href":"https:\/\/mister.loans\/es\/wp-json\/wp\/v2\/users\/3"}],"replies":[{"embeddable":true,"href":"https:\/\/mister.loans\/es\/wp-json\/wp\/v2\/comments?post=293"}],"version-history":[{"count":206,"href":"https:\/\/mister.loans\/es\/wp-json\/wp\/v2\/pages\/293\/revisions"}],"predecessor-version":[{"id":2482,"href":"https:\/\/mister.loans\/es\/wp-json\/wp\/v2\/pages\/293\/revisions\/2482"}],"wp:attachment":[{"href":"https:\/\/mister.loans\/es\/wp-json\/wp\/v2\/media?parent=293"}],"curies":[{"name":"wp","href":"https:\/\/api.w.org\/{rel}","templated":true}]}}