{"id":318,"date":"2022-08-09T20:28:39","date_gmt":"2022-08-09T20:28:39","guid":{"rendered":"https:\/\/mrloans.us\/?page_id=318"},"modified":"2024-06-13T18:30:14","modified_gmt":"2024-06-13T18:30:14","slug":"refinanciar","status":"publish","type":"page","link":"https:\/\/mister.loans\/es\/refinanciar\/","title":{"rendered":"Refinanciar"},"content":{"rendered":"\t\t<div data-elementor-type=\"wp-page\" data-elementor-id=\"318\" class=\"elementor elementor-318\" data-elementor-post-type=\"page\">\n\t\t\t\t<div class=\"elementor-element elementor-element-5843c3f e-flex e-con-boxed e-con e-parent\" data-id=\"5843c3f\" data-element_type=\"container\" data-e-type=\"container\" data-settings=\"{&quot;background_background&quot;:&quot;classic&quot;}\">\n\t\t\t\t\t<div class=\"e-con-inner\">\n\t\t<div class=\"elementor-element elementor-element-ac08d87 e-con-full e-flex e-con e-child\" data-id=\"ac08d87\" data-element_type=\"container\" data-e-type=\"container\">\n\t\t\t\t<div class=\"elementor-element elementor-element-65be4d2 elementor-widget elementor-widget-text-editor\" data-id=\"65be4d2\" data-element_type=\"widget\" data-e-type=\"widget\" data-widget_type=\"text-editor.default\">\n\t\t\t\t<div class=\"elementor-widget-container\">\n\t\t\t\t\t\t\t\t\t<p><a href=\"https:\/\/mister.loans\/es\/\">Inicio<\/a> \u00bb Refinanciar<\/p>\t\t\t\t\t\t\t\t<\/div>\n\t\t\t\t<\/div>\n\t\t\t\t<div class=\"elementor-element elementor-element-da4e442 elementor-widget elementor-widget-image\" data-id=\"da4e442\" data-element_type=\"widget\" data-e-type=\"widget\" data-widget_type=\"image.default\">\n\t\t\t\t<div class=\"elementor-widget-container\">\n\t\t\t\t\t\t\t\t\t\t\t\t\t\t\t<img fetchpriority=\"high\" decoding=\"async\" width=\"500\" height=\"500\" src=\"https:\/\/mister.loans\/es\/wp-content\/uploads\/2022\/08\/Banner02-1.png\" class=\"attachment-large size-large wp-image-320\" alt=\"\" srcset=\"https:\/\/mister.loans\/es\/wp-content\/uploads\/2022\/08\/Banner02-1.png 500w, https:\/\/mister.loans\/es\/wp-content\/uploads\/2022\/08\/Banner02-1-300x300.png 300w, https:\/\/mister.loans\/es\/wp-content\/uploads\/2022\/08\/Banner02-1-150x150.png 150w\" sizes=\"(max-width: 500px) 100vw, 500px\" \/>\t\t\t\t\t\t\t\t\t\t\t\t\t\t\t<\/div>\n\t\t\t\t<\/div>\n\t\t\t\t<\/div>\n\t\t<div class=\"elementor-element elementor-element-43b175f e-con-full e-flex e-con e-child\" data-id=\"43b175f\" data-element_type=\"container\" data-e-type=\"container\">\n\t\t\t\t<div class=\"elementor-element elementor-element-1cddc90 elementor-widget elementor-widget-heading\" data-id=\"1cddc90\" data-element_type=\"widget\" data-e-type=\"widget\" data-widget_type=\"heading.default\">\n\t\t\t\t<div class=\"elementor-widget-container\">\n\t\t\t\t\t<h1 class=\"elementor-heading-title elementor-size-default\">Refinancia Tu Hipoteca<\/h1>\t\t\t\t<\/div>\n\t\t\t\t<\/div>\n\t\t\t\t<div class=\"elementor-element elementor-element-9d092d8 elementor-widget elementor-widget-text-editor\" data-id=\"9d092d8\" data-element_type=\"widget\" data-e-type=\"widget\" data-widget_type=\"text-editor.default\">\n\t\t\t\t<div class=\"elementor-widget-container\">\n\t\t\t\t\t\t\t\t\t<p>\u00bfEst\u00e1 buscando reducir los pagos mensuales de su hipoteca, obtener una tasa de inter\u00e9s m\u00e1s baja, convertir el capital de su vivienda en efectivo o cambiar a un pr\u00e9stamo de tasa fija? Considere refinanciar su pr\u00e9stamo hipotecario.<\/p><p>Mister Loans se esfuerza por inspirar esperanza y generar prosperidad en la vida de cada individuo con el que nos encontramos.<\/p>\t\t\t\t\t\t\t\t<\/div>\n\t\t\t\t<\/div>\n\t\t<div class=\"elementor-element elementor-element-7513dbe e-flex e-con-boxed e-con e-child\" data-id=\"7513dbe\" data-element_type=\"container\" data-e-type=\"container\">\n\t\t\t\t\t<div class=\"e-con-inner\">\n\t\t\t\t<div class=\"elementor-element elementor-element-769a273 elementor-align-center elementor-widget__width-inherit elementor-invisible elementor-widget elementor-widget-button\" data-id=\"769a273\" data-element_type=\"widget\" data-e-type=\"widget\" data-settings=\"{&quot;_animation&quot;:&quot;zoomIn&quot;,&quot;_animation_delay&quot;:250}\" data-widget_type=\"button.default\">\n\t\t\t\t<div class=\"elementor-widget-container\">\n\t\t\t\t\t\t\t\t\t<div class=\"elementor-button-wrapper\">\n\t\t\t\t\t<a class=\"elementor-button elementor-button-link elementor-size-sm elementor-animation-float\" href=\"https:\/\/fifthfinancial.floify.com\/?lang=es\" target=\"_blank\">\n\t\t\t\t\t\t<span class=\"elementor-button-content-wrapper\">\n\t\t\t\t\t\t\t\t\t<span class=\"elementor-button-text\">\u00a1Comenzar Ya!<\/span>\n\t\t\t\t\t<\/span>\n\t\t\t\t\t<\/a>\n\t\t\t\t<\/div>\n\t\t\t\t\t\t\t\t<\/div>\n\t\t\t\t<\/div>\n\t\t\t\t\t<\/div>\n\t\t\t\t<\/div>\n\t\t\t\t<\/div>\n\t\t\t\t\t<\/div>\n\t\t\t\t<\/div>\n\t\t\t\t<section class=\"elementor-section elementor-top-section elementor-element elementor-element-a27d83d elementor-section-boxed elementor-section-height-default elementor-section-height-default\" data-id=\"a27d83d\" data-element_type=\"section\" data-e-type=\"section\">\n\t\t\t\t\t\t<div class=\"elementor-container elementor-column-gap-default\">\n\t\t\t\t\t<div class=\"elementor-column elementor-col-100 elementor-top-column elementor-element elementor-element-602ce3f\" data-id=\"602ce3f\" data-element_type=\"column\" data-e-type=\"column\">\n\t\t\t<div class=\"elementor-widget-wrap elementor-element-populated\">\n\t\t\t\t\t\t<div class=\"elementor-element elementor-element-8035348 elementor-widget-divider--view-line elementor-widget elementor-widget-divider\" data-id=\"8035348\" data-element_type=\"widget\" data-e-type=\"widget\" data-widget_type=\"divider.default\">\n\t\t\t\t<div class=\"elementor-widget-container\">\n\t\t\t\t\t\t\t<div class=\"elementor-divider\">\n\t\t\t<span class=\"elementor-divider-separator\">\n\t\t\t\t\t\t<\/span>\n\t\t<\/div>\n\t\t\t\t\t\t<\/div>\n\t\t\t\t<\/div>\n\t\t\t\t\t<\/div>\n\t\t<\/div>\n\t\t\t\t\t<\/div>\n\t\t<\/section>\n\t\t\t\t<\/div>\n\t\t","protected":false},"excerpt":{"rendered":"<p>Inicio \u00bb Refinanciar Refinancia Tu Hipoteca \u00bfEst\u00e1 buscando reducir los pagos mensuales de su hipoteca, obtener una tasa de inter\u00e9s m\u00e1s baja, convertir el capital de su vivienda en efectivo o cambiar a un pr\u00e9stamo de tasa fija? Considere refinanciar su pr\u00e9stamo hipotecario. Mister Loans se esfuerza por inspirar esperanza y generar prosperidad en la [&hellip;]<\/p>\n","protected":false},"author":3,"featured_media":0,"parent":0,"menu_order":0,"comment_status":"closed","ping_status":"closed","template":"elementor_header_footer","meta":{"footnotes":""},"class_list":["post-318","page","type-page","status-publish","hentry"],"blocksy_meta":{"styles_descriptor":{"styles":{"desktop":"","tablet":"","mobile":""},"google_fonts":[],"version":6}},"yoast_head":"<!-- This site is optimized with the Yoast SEO plugin v27.2 - https:\/\/yoast.com\/product\/yoast-seo-wordpress\/ -->\n<title>Refinanciar - Mister Loans<\/title>\n<meta name=\"robots\" content=\"index, follow, max-snippet:-1, max-image-preview:large, max-video-preview:-1\" \/>\n<link rel=\"canonical\" href=\"https:\/\/mister.loans\/es\/refinanciar\/\" \/>\n<meta property=\"og:locale\" content=\"es_ES\" \/>\n<meta property=\"og:type\" content=\"article\" \/>\n<meta property=\"og:title\" content=\"Refinanciar - Mister Loans\" \/>\n<meta property=\"og:description\" content=\"Inicio \u00bb Refinanciar Refinancia Tu Hipoteca \u00bfEst\u00e1 buscando reducir los pagos mensuales de su hipoteca, obtener una tasa de inter\u00e9s m\u00e1s baja, convertir el capital de su vivienda en efectivo o cambiar a un pr\u00e9stamo de tasa fija? Considere refinanciar su pr\u00e9stamo hipotecario. Mister Loans se esfuerza por inspirar esperanza y generar prosperidad en la [&hellip;]\" \/>\n<meta property=\"og:url\" content=\"https:\/\/mister.loans\/es\/refinanciar\/\" \/>\n<meta property=\"og:site_name\" content=\"Mister Loans\" \/>\n<meta property=\"article:modified_time\" content=\"2024-06-13T18:30:14+00:00\" \/>\n<meta property=\"og:image\" content=\"https:\/\/mister.loans\/es\/wp-content\/uploads\/2022\/08\/Banner02-1.png\" \/>\n<meta name=\"twitter:card\" content=\"summary_large_image\" \/>\n<meta name=\"twitter:label1\" content=\"Tiempo de lectura\" \/>\n\t<meta name=\"twitter:data1\" content=\"1 minuto\" \/>\n<script type=\"application\/ld+json\" class=\"yoast-schema-graph\">{\"@context\":\"https:\/\/schema.org\",\"@graph\":[{\"@type\":\"WebPage\",\"@id\":\"https:\/\/mister.loans\/es\/refinanciar\/\",\"url\":\"https:\/\/mister.loans\/es\/refinanciar\/\",\"name\":\"Refinanciar - Mister Loans\",\"isPartOf\":{\"@id\":\"https:\/\/mister.loans\/es\/#website\"},\"primaryImageOfPage\":{\"@id\":\"https:\/\/mister.loans\/es\/refinanciar\/#primaryimage\"},\"image\":{\"@id\":\"https:\/\/mister.loans\/es\/refinanciar\/#primaryimage\"},\"thumbnailUrl\":\"https:\/\/mister.loans\/es\/wp-content\/uploads\/2022\/08\/Banner02-1.png\",\"datePublished\":\"2022-08-09T20:28:39+00:00\",\"dateModified\":\"2024-06-13T18:30:14+00:00\",\"breadcrumb\":{\"@id\":\"https:\/\/mister.loans\/es\/refinanciar\/#breadcrumb\"},\"inLanguage\":\"es\",\"potentialAction\":[{\"@type\":\"ReadAction\",\"target\":[\"https:\/\/mister.loans\/es\/refinanciar\/\"]}]},{\"@type\":\"ImageObject\",\"inLanguage\":\"es\",\"@id\":\"https:\/\/mister.loans\/es\/refinanciar\/#primaryimage\",\"url\":\"https:\/\/mister.loans\/es\/wp-content\/uploads\/2022\/08\/Banner02-1.png\",\"contentUrl\":\"https:\/\/mister.loans\/es\/wp-content\/uploads\/2022\/08\/Banner02-1.png\",\"width\":500,\"height\":500},{\"@type\":\"BreadcrumbList\",\"@id\":\"https:\/\/mister.loans\/es\/refinanciar\/#breadcrumb\",\"itemListElement\":[{\"@type\":\"ListItem\",\"position\":1,\"name\":\"Portada\",\"item\":\"https:\/\/mister.loans\/es\/\"},{\"@type\":\"ListItem\",\"position\":2,\"name\":\"Refinanciar\"}]},{\"@type\":\"WebSite\",\"@id\":\"https:\/\/mister.loans\/es\/#website\",\"url\":\"https:\/\/mister.loans\/es\/\",\"name\":\"Mister Loans\",\"description\":\"\",\"publisher\":{\"@id\":\"https:\/\/mister.loans\/es\/#organization\"},\"potentialAction\":[{\"@type\":\"SearchAction\",\"target\":{\"@type\":\"EntryPoint\",\"urlTemplate\":\"https:\/\/mister.loans\/es\/?s={search_term_string}\"},\"query-input\":{\"@type\":\"PropertyValueSpecification\",\"valueRequired\":true,\"valueName\":\"search_term_string\"}}],\"inLanguage\":\"es\"},{\"@type\":\"Organization\",\"@id\":\"https:\/\/mister.loans\/es\/#organization\",\"name\":\"Mister Loans\",\"url\":\"https:\/\/mister.loans\/es\/\",\"logo\":{\"@type\":\"ImageObject\",\"inLanguage\":\"es\",\"@id\":\"https:\/\/mister.loans\/es\/#\/schema\/logo\/image\/\",\"url\":\"https:\/\/mister.loans\/es\/wp-content\/uploads\/2025\/12\/cropped-cropped-logo-1-e1659384125165.png\",\"contentUrl\":\"https:\/\/mister.loans\/es\/wp-content\/uploads\/2025\/12\/cropped-cropped-logo-1-e1659384125165.png\",\"width\":512,\"height\":512,\"caption\":\"Mister Loans\"},\"image\":{\"@id\":\"https:\/\/mister.loans\/es\/#\/schema\/logo\/image\/\"}}]}<\/script>\n<!-- \/ Yoast SEO plugin. -->","yoast_head_json":{"title":"Refinanciar - Mister Loans","robots":{"index":"index","follow":"follow","max-snippet":"max-snippet:-1","max-image-preview":"max-image-preview:large","max-video-preview":"max-video-preview:-1"},"canonical":"https:\/\/mister.loans\/es\/refinanciar\/","og_locale":"es_ES","og_type":"article","og_title":"Refinanciar - Mister Loans","og_description":"Inicio \u00bb Refinanciar Refinancia Tu Hipoteca \u00bfEst\u00e1 buscando reducir los pagos mensuales de su hipoteca, obtener una tasa de inter\u00e9s m\u00e1s baja, convertir el capital de su vivienda en efectivo o cambiar a un pr\u00e9stamo de tasa fija? Considere refinanciar su pr\u00e9stamo hipotecario. Mister Loans se esfuerza por inspirar esperanza y generar prosperidad en la [&hellip;]","og_url":"https:\/\/mister.loans\/es\/refinanciar\/","og_site_name":"Mister Loans","article_modified_time":"2024-06-13T18:30:14+00:00","og_image":[{"url":"https:\/\/mister.loans\/es\/wp-content\/uploads\/2022\/08\/Banner02-1.png","type":"","width":"","height":""}],"twitter_card":"summary_large_image","twitter_misc":{"Tiempo de lectura":"1 minuto"},"schema":{"@context":"https:\/\/schema.org","@graph":[{"@type":"WebPage","@id":"https:\/\/mister.loans\/es\/refinanciar\/","url":"https:\/\/mister.loans\/es\/refinanciar\/","name":"Refinanciar - Mister Loans","isPartOf":{"@id":"https:\/\/mister.loans\/es\/#website"},"primaryImageOfPage":{"@id":"https:\/\/mister.loans\/es\/refinanciar\/#primaryimage"},"image":{"@id":"https:\/\/mister.loans\/es\/refinanciar\/#primaryimage"},"thumbnailUrl":"https:\/\/mister.loans\/es\/wp-content\/uploads\/2022\/08\/Banner02-1.png","datePublished":"2022-08-09T20:28:39+00:00","dateModified":"2024-06-13T18:30:14+00:00","breadcrumb":{"@id":"https:\/\/mister.loans\/es\/refinanciar\/#breadcrumb"},"inLanguage":"es","potentialAction":[{"@type":"ReadAction","target":["https:\/\/mister.loans\/es\/refinanciar\/"]}]},{"@type":"ImageObject","inLanguage":"es","@id":"https:\/\/mister.loans\/es\/refinanciar\/#primaryimage","url":"https:\/\/mister.loans\/es\/wp-content\/uploads\/2022\/08\/Banner02-1.png","contentUrl":"https:\/\/mister.loans\/es\/wp-content\/uploads\/2022\/08\/Banner02-1.png","width":500,"height":500},{"@type":"BreadcrumbList","@id":"https:\/\/mister.loans\/es\/refinanciar\/#breadcrumb","itemListElement":[{"@type":"ListItem","position":1,"name":"Portada","item":"https:\/\/mister.loans\/es\/"},{"@type":"ListItem","position":2,"name":"Refinanciar"}]},{"@type":"WebSite","@id":"https:\/\/mister.loans\/es\/#website","url":"https:\/\/mister.loans\/es\/","name":"Mister Loans","description":"","publisher":{"@id":"https:\/\/mister.loans\/es\/#organization"},"potentialAction":[{"@type":"SearchAction","target":{"@type":"EntryPoint","urlTemplate":"https:\/\/mister.loans\/es\/?s={search_term_string}"},"query-input":{"@type":"PropertyValueSpecification","valueRequired":true,"valueName":"search_term_string"}}],"inLanguage":"es"},{"@type":"Organization","@id":"https:\/\/mister.loans\/es\/#organization","name":"Mister Loans","url":"https:\/\/mister.loans\/es\/","logo":{"@type":"ImageObject","inLanguage":"es","@id":"https:\/\/mister.loans\/es\/#\/schema\/logo\/image\/","url":"https:\/\/mister.loans\/es\/wp-content\/uploads\/2025\/12\/cropped-cropped-logo-1-e1659384125165.png","contentUrl":"https:\/\/mister.loans\/es\/wp-content\/uploads\/2025\/12\/cropped-cropped-logo-1-e1659384125165.png","width":512,"height":512,"caption":"Mister Loans"},"image":{"@id":"https:\/\/mister.loans\/es\/#\/schema\/logo\/image\/"}}]}},"_links":{"self":[{"href":"https:\/\/mister.loans\/es\/wp-json\/wp\/v2\/pages\/318","targetHints":{"allow":["GET"]}}],"collection":[{"href":"https:\/\/mister.loans\/es\/wp-json\/wp\/v2\/pages"}],"about":[{"href":"https:\/\/mister.loans\/es\/wp-json\/wp\/v2\/types\/page"}],"author":[{"embeddable":true,"href":"https:\/\/mister.loans\/es\/wp-json\/wp\/v2\/users\/3"}],"replies":[{"embeddable":true,"href":"https:\/\/mister.loans\/es\/wp-json\/wp\/v2\/comments?post=318"}],"version-history":[{"count":52,"href":"https:\/\/mister.loans\/es\/wp-json\/wp\/v2\/pages\/318\/revisions"}],"predecessor-version":[{"id":2479,"href":"https:\/\/mister.loans\/es\/wp-json\/wp\/v2\/pages\/318\/revisions\/2479"}],"wp:attachment":[{"href":"https:\/\/mister.loans\/es\/wp-json\/wp\/v2\/media?parent=318"}],"curies":[{"name":"wp","href":"https:\/\/api.w.org\/{rel}","templated":true}]}}